{"id":1333,"date":"2023-04-10T14:22:08","date_gmt":"2023-04-10T12:22:08","guid":{"rendered":"https:\/\/www.lac.hr\/?page_id=1333"},"modified":"2023-04-17T11:30:58","modified_gmt":"2023-04-17T09:30:58","slug":"sukosan","status":"publish","type":"page","link":"https:\/\/www.lac.hr\/en\/sukosan\/","title":{"rendered":"Suko\u0161an"},"content":{"rendered":"\t\t<div data-elementor-type=\"wp-page\" data-elementor-id=\"1333\" class=\"elementor elementor-1333 elementor-649\" data-elementor-post-type=\"page\">\n\t\t\t\t\t\t<section class=\"elementor-section elementor-top-section elementor-element elementor-element-261c6a05 elementor-section-height-min-height animated-slow elementor-section-full_width elementor-section-items-bottom elementor-hidden-tablet elementor-hidden-mobile elementor-section-height-default elementor-invisible\" data-id=\"261c6a05\" data-element_type=\"section\" data-settings=\"{&quot;background_background&quot;:&quot;classic&quot;,&quot;animation&quot;:&quot;fadeIn&quot;}\">\n\t\t\t\t\t\t\t<div class=\"elementor-background-overlay\"><\/div>\n\t\t\t\t\t\t\t<div class=\"elementor-container elementor-column-gap-default\">\n\t\t\t\t\t<div class=\"elementor-column elementor-col-50 elementor-top-column elementor-element elementor-element-384518e0 animated-slow elementor-invisible\" data-id=\"384518e0\" data-element_type=\"column\" data-settings=\"{&quot;background_background&quot;:&quot;classic&quot;,&quot;animation&quot;:&quot;fadeInLeft&quot;}\">\n\t\t\t<div class=\"elementor-widget-wrap elementor-element-populated\">\n\t\t\t\t\t<div class=\"elementor-background-overlay\"><\/div>\n\t\t\t\t\t\t<div class=\"elementor-element elementor-element-6a0292b elementor-widget-divider--view-line_text elementor-widget-divider--element-align-left elementor-widget elementor-widget-divider\" data-id=\"6a0292b\" data-element_type=\"widget\" data-widget_type=\"divider.default\">\n\t\t\t\t<div class=\"elementor-widget-container\">\n\t\t\t\t\t\t\t<div class=\"elementor-divider\">\n\t\t\t<span class=\"elementor-divider-separator\">\n\t\t\t\t\t\t\t<span class=\"elementor-divider__text elementor-divider__element\">\n\t\t\t\tlocation\t\t\t\t<\/span>\n\t\t\t\t\t\t<\/span>\n\t\t<\/div>\n\t\t\t\t\t\t<\/div>\n\t\t\t\t<\/div>\n\t\t\t\t<div class=\"elementor-element elementor-element-6b10761f animated-slow elementor-invisible elementor-widget elementor-widget-heading\" data-id=\"6b10761f\" data-element_type=\"widget\" data-settings=\"{&quot;_animation&quot;:&quot;fadeIn&quot;,&quot;_animation_delay&quot;:600}\" data-widget_type=\"heading.default\">\n\t\t\t\t<div class=\"elementor-widget-container\">\n\t\t\t\t\t<h1 class=\"elementor-heading-title elementor-size-default\">Suko\u0161an<\/h1>\t\t\t\t<\/div>\n\t\t\t\t<\/div>\n\t\t\t\t<div class=\"elementor-element elementor-element-7ab234e4 elementor-widget elementor-widget-text-editor\" data-id=\"7ab234e4\" data-element_type=\"widget\" data-widget_type=\"text-editor.default\">\n\t\t\t\t<div class=\"elementor-widget-container\">\n\t\t\t\t\t\t\t\t\t<p>Want to know more about the location? Where is Suko\u0161an and what is nearby? What is the connection with Suko\u0161an and other information? We bring you answers to your questions!<\/p>\t\t\t\t\t\t\t\t<\/div>\n\t\t\t\t<\/div>\n\t\t\t\t\t<\/div>\n\t\t<\/div>\n\t\t\t\t<div class=\"elementor-column elementor-col-50 elementor-top-column elementor-element elementor-element-7e2dea28 elementor-hidden-tablet elementor-hidden-mobile\" data-id=\"7e2dea28\" data-element_type=\"column\">\n\t\t\t<div class=\"elementor-widget-wrap\">\n\t\t\t\t\t<div class=\"elementor-background-overlay\"><\/div>\n\t\t\t\t\t\t\t<\/div>\n\t\t<\/div>\n\t\t\t\t\t<\/div>\n\t\t<\/section>\n\t\t\t\t<section class=\"elementor-section elementor-top-section elementor-element elementor-element-3154c721 elementor-section-height-min-height animated-slow elementor-section-full_width elementor-section-items-bottom elementor-hidden-desktop elementor-section-height-default elementor-invisible\" data-id=\"3154c721\" data-element_type=\"section\" data-settings=\"{&quot;background_background&quot;:&quot;classic&quot;,&quot;animation&quot;:&quot;fadeIn&quot;}\">\n\t\t\t\t\t\t\t<div class=\"elementor-background-overlay\"><\/div>\n\t\t\t\t\t\t\t<div class=\"elementor-container elementor-column-gap-default\">\n\t\t\t\t\t<div class=\"elementor-column elementor-col-100 elementor-top-column elementor-element elementor-element-61145d\" data-id=\"61145d\" data-element_type=\"column\">\n\t\t\t<div class=\"elementor-widget-wrap\">\n\t\t\t\t\t<div class=\"elementor-background-overlay\"><\/div>\n\t\t\t\t\t\t\t<\/div>\n\t\t<\/div>\n\t\t\t\t\t<\/div>\n\t\t<\/section>\n\t\t\t\t<section class=\"elementor-section elementor-top-section elementor-element elementor-element-120fa5a6 animated-slow elementor-hidden-desktop elementor-section-boxed elementor-section-height-default elementor-section-height-default elementor-invisible\" data-id=\"120fa5a6\" data-element_type=\"section\" data-settings=\"{&quot;animation&quot;:&quot;fadeInLeft&quot;}\">\n\t\t\t\t\t\t<div class=\"elementor-container elementor-column-gap-default\">\n\t\t\t\t\t<div class=\"elementor-column elementor-col-100 elementor-top-column elementor-element elementor-element-2327c495\" data-id=\"2327c495\" data-element_type=\"column\">\n\t\t\t<div class=\"elementor-widget-wrap elementor-element-populated\">\n\t\t\t\t\t\t<div class=\"elementor-element elementor-element-50720dc1 elementor-widget-divider--view-line_text elementor-widget-divider--element-align-left animated-slow elementor-widget elementor-widget-divider\" data-id=\"50720dc1\" data-element_type=\"widget\" data-settings=\"{&quot;_animation&quot;:&quot;none&quot;,&quot;_animation_tablet&quot;:&quot;none&quot;,&quot;_animation_mobile&quot;:&quot;none&quot;}\" data-widget_type=\"divider.default\">\n\t\t\t\t<div class=\"elementor-widget-container\">\n\t\t\t\t\t\t\t<div class=\"elementor-divider\">\n\t\t\t<span class=\"elementor-divider-separator\">\n\t\t\t\t\t\t\t<span class=\"elementor-divider__text elementor-divider__element\">\n\t\t\t\tlocation\t\t\t\t<\/span>\n\t\t\t\t\t\t<\/span>\n\t\t<\/div>\n\t\t\t\t\t\t<\/div>\n\t\t\t\t<\/div>\n\t\t\t\t<div class=\"elementor-element elementor-element-3605b732 animated-slow elementor-invisible elementor-widget elementor-widget-heading\" data-id=\"3605b732\" data-element_type=\"widget\" data-settings=\"{&quot;_animation&quot;:&quot;fadeIn&quot;,&quot;_animation_delay&quot;:600}\" data-widget_type=\"heading.default\">\n\t\t\t\t<div class=\"elementor-widget-container\">\n\t\t\t\t\t<h1 class=\"elementor-heading-title elementor-size-default\">Overview of information about Suko\u0161an<\/h1>\t\t\t\t<\/div>\n\t\t\t\t<\/div>\n\t\t\t\t<div class=\"elementor-element elementor-element-602e5aea elementor-widget elementor-widget-text-editor\" data-id=\"602e5aea\" data-element_type=\"widget\" data-widget_type=\"text-editor.default\">\n\t\t\t\t<div class=\"elementor-widget-container\">\n\t\t\t\t\t\t\t\t\t<p>Want to know more about the location? Where is Suko\u0161an and what is nearby? What is the connection with Suko\u0161an and other information? We bring you answers to your questions!<\/p>\t\t\t\t\t\t\t\t<\/div>\n\t\t\t\t<\/div>\n\t\t\t\t\t<\/div>\n\t\t<\/div>\n\t\t\t\t\t<\/div>\n\t\t<\/section>\n\t\t\t\t<section class=\"elementor-section elementor-top-section elementor-element elementor-element-637a7fe8 elementor-section-boxed elementor-section-height-default elementor-section-height-default\" data-id=\"637a7fe8\" data-element_type=\"section\">\n\t\t\t\t\t\t<div class=\"elementor-container elementor-column-gap-default\">\n\t\t\t\t\t<div class=\"elementor-column elementor-col-50 elementor-top-column elementor-element elementor-element-1f53e7ad animated-slow elementor-invisible\" data-id=\"1f53e7ad\" data-element_type=\"column\" data-settings=\"{&quot;animation&quot;:&quot;fadeInLeft&quot;}\">\n\t\t\t<div class=\"elementor-widget-wrap elementor-element-populated\">\n\t\t\t\t\t\t<div class=\"elementor-element elementor-element-7c1b2a51 elementor-widget-divider--view-line_text elementor-widget-divider--element-align-left elementor-widget elementor-widget-divider\" data-id=\"7c1b2a51\" data-element_type=\"widget\" data-widget_type=\"divider.default\">\n\t\t\t\t<div class=\"elementor-widget-container\">\n\t\t\t\t\t\t\t<div class=\"elementor-divider\">\n\t\t\t<span class=\"elementor-divider-separator\">\n\t\t\t\t\t\t\t<span class=\"elementor-divider__text elementor-divider__element\">\n\t\t\t\tfind out more\t\t\t\t<\/span>\n\t\t\t\t\t\t<\/span>\n\t\t<\/div>\n\t\t\t\t\t\t<\/div>\n\t\t\t\t<\/div>\n\t\t\t\t<div class=\"elementor-element elementor-element-73eac828 elementor-widget elementor-widget-heading\" data-id=\"73eac828\" data-element_type=\"widget\" data-widget_type=\"heading.default\">\n\t\t\t\t<div class=\"elementor-widget-container\">\n\t\t\t\t\t<h2 class=\"elementor-heading-title elementor-size-default\">Suko\u0161an<\/h2>\t\t\t\t<\/div>\n\t\t\t\t<\/div>\n\t\t\t\t<div class=\"elementor-element elementor-element-56cc3e84 elementor-hidden-desktop elementor-hidden-tablet elementor-widget elementor-widget-image\" data-id=\"56cc3e84\" data-element_type=\"widget\" data-widget_type=\"image.default\">\n\t\t\t\t<div class=\"elementor-widget-container\">\n\t\t\t\t\t\t\t\t\t\t\t\t\t\t\t<img fetchpriority=\"high\" decoding=\"async\" width=\"800\" height=\"534\" src=\"https:\/\/www.lac.hr\/wp-content\/uploads\/2023\/04\/sukosan2-1024x683.jpg\" class=\"attachment-large size-large wp-image-1337\" alt=\"\" srcset=\"https:\/\/www.lac.hr\/wp-content\/uploads\/2023\/04\/sukosan2-1024x683.jpg 1024w, https:\/\/www.lac.hr\/wp-content\/uploads\/2023\/04\/sukosan2-300x200.jpg 300w, https:\/\/www.lac.hr\/wp-content\/uploads\/2023\/04\/sukosan2-768x512.jpg 768w, https:\/\/www.lac.hr\/wp-content\/uploads\/2023\/04\/sukosan2-1536x1024.jpg 1536w, https:\/\/www.lac.hr\/wp-content\/uploads\/2023\/04\/sukosan2.jpg 1920w\" sizes=\"(max-width: 800px) 100vw, 800px\" \/>\t\t\t\t\t\t\t\t\t\t\t\t\t\t\t<\/div>\n\t\t\t\t<\/div>\n\t\t\t\t<div class=\"elementor-element elementor-element-755d5e16 elementor-widget elementor-widget-text-editor\" data-id=\"755d5e16\" data-element_type=\"widget\" data-widget_type=\"text-editor.default\">\n\t\t\t\t<div class=\"elementor-widget-container\">\n\t\t\t\t\t\t\t\t\t<p>Suko\u0161an is a tourist resort located in the spacious Zlatna luka bay. Suko\u0161an is only 12 km away from the center of the county and the pearl of the Adriatic coast, the city of Zadar. The extraordinary location, the indentation of the coast and the proximity of the islands, especially Kornati and the largest marina on the Adriatic, D-Marin Dalmacija, have made Suko\u0161an a real paradise for sailors.<\/p><p>Numerous luxurious apartments and villas located in the immediate vicinity of the sea make Suko\u0161an a favorite destination for domestic and foreign tourists. It can also be boasted with top-quality facilities and luxurious gastro and hospitality services.<\/p>\t\t\t\t\t\t\t\t<\/div>\n\t\t\t\t<\/div>\n\t\t\t\t\t<\/div>\n\t\t<\/div>\n\t\t\t\t<div class=\"elementor-column elementor-col-50 elementor-top-column elementor-element elementor-element-680445ed animated-slow elementor-hidden-mobile elementor-invisible\" data-id=\"680445ed\" data-element_type=\"column\" data-settings=\"{&quot;animation&quot;:&quot;fadeInRight&quot;}\">\n\t\t\t<div class=\"elementor-widget-wrap elementor-element-populated\">\n\t\t\t\t\t\t<div class=\"elementor-element elementor-element-233e9834 elementor-widget elementor-widget-image\" data-id=\"233e9834\" data-element_type=\"widget\" data-widget_type=\"image.default\">\n\t\t\t\t<div class=\"elementor-widget-container\">\n\t\t\t\t\t\t\t\t\t\t\t\t\t\t\t<img fetchpriority=\"high\" decoding=\"async\" width=\"800\" height=\"534\" src=\"https:\/\/www.lac.hr\/wp-content\/uploads\/2023\/04\/sukosan2-1024x683.jpg\" class=\"attachment-large size-large wp-image-1337\" alt=\"\" srcset=\"https:\/\/www.lac.hr\/wp-content\/uploads\/2023\/04\/sukosan2-1024x683.jpg 1024w, https:\/\/www.lac.hr\/wp-content\/uploads\/2023\/04\/sukosan2-300x200.jpg 300w, https:\/\/www.lac.hr\/wp-content\/uploads\/2023\/04\/sukosan2-768x512.jpg 768w, https:\/\/www.lac.hr\/wp-content\/uploads\/2023\/04\/sukosan2-1536x1024.jpg 1536w, https:\/\/www.lac.hr\/wp-content\/uploads\/2023\/04\/sukosan2.jpg 1920w\" sizes=\"(max-width: 800px) 100vw, 800px\" \/>\t\t\t\t\t\t\t\t\t\t\t\t\t\t\t<\/div>\n\t\t\t\t<\/div>\n\t\t\t\t\t<\/div>\n\t\t<\/div>\n\t\t\t\t\t<\/div>\n\t\t<\/section>\n\t\t\t\t<section class=\"elementor-section elementor-top-section elementor-element elementor-element-3d770e48 elementor-section-boxed elementor-section-height-default elementor-section-height-default\" data-id=\"3d770e48\" data-element_type=\"section\">\n\t\t\t\t\t\t<div class=\"elementor-container elementor-column-gap-default\">\n\t\t\t\t\t<div class=\"elementor-column elementor-col-50 elementor-top-column elementor-element elementor-element-ad4821a animated-slow elementor-invisible\" data-id=\"ad4821a\" data-element_type=\"column\" data-settings=\"{&quot;animation&quot;:&quot;fadeInLeft&quot;}\">\n\t\t\t<div class=\"elementor-widget-wrap elementor-element-populated\">\n\t\t\t\t\t\t<div class=\"elementor-element elementor-element-8d81c07 elementor-widget elementor-widget-image\" data-id=\"8d81c07\" data-element_type=\"widget\" data-widget_type=\"image.default\">\n\t\t\t\t<div class=\"elementor-widget-container\">\n\t\t\t\t\t\t\t\t\t\t\t\t\t\t\t<img decoding=\"async\" width=\"800\" height=\"533\" src=\"https:\/\/www.lac.hr\/wp-content\/uploads\/2023\/04\/sukosan1-1024x682.jpg\" class=\"attachment-large size-large wp-image-1336\" alt=\"\" srcset=\"https:\/\/www.lac.hr\/wp-content\/uploads\/2023\/04\/sukosan1-1024x682.jpg 1024w, https:\/\/www.lac.hr\/wp-content\/uploads\/2023\/04\/sukosan1-300x200.jpg 300w, https:\/\/www.lac.hr\/wp-content\/uploads\/2023\/04\/sukosan1-768x512.jpg 768w, https:\/\/www.lac.hr\/wp-content\/uploads\/2023\/04\/sukosan1-1536x1023.jpg 1536w, https:\/\/www.lac.hr\/wp-content\/uploads\/2023\/04\/sukosan1.jpg 1920w\" sizes=\"(max-width: 800px) 100vw, 800px\" \/>\t\t\t\t\t\t\t\t\t\t\t\t\t\t\t<\/div>\n\t\t\t\t<\/div>\n\t\t\t\t\t<\/div>\n\t\t<\/div>\n\t\t\t\t<div class=\"elementor-column elementor-col-50 elementor-top-column elementor-element elementor-element-a17698 animated-slow elementor-invisible\" data-id=\"a17698\" data-element_type=\"column\" data-settings=\"{&quot;animation&quot;:&quot;fadeInRight&quot;}\">\n\t\t\t<div class=\"elementor-widget-wrap elementor-element-populated\">\n\t\t\t\t\t\t<div class=\"elementor-element elementor-element-3db8bcd elementor-widget elementor-widget-text-editor\" data-id=\"3db8bcd\" data-element_type=\"widget\" data-widget_type=\"text-editor.default\">\n\t\t\t\t<div class=\"elementor-widget-container\">\n\t\t\t\t\t\t\t\t\t<p>Suko\u0161an has excellent traffic connections. By getting off the A1 highway, you are only 10 km away from the center of Suko\u0161an.<\/p><p>Zadar airport is connected with numerous European destinations by commercial flights, and if you are the owner of a yacht, you can moor it in one of the largest and most popular marinas in Croatia and the Adriatic, which is located about 2 km from the facilities.<\/p><p>If you want to go on a trip or have fun, besides Zadar and Biograd na Moru, there are also other famous locations: \u0160ibenik (fort of St. Nicholas), Split (Diocletian&#8217;s palace), Murter, Pako\u0161tane, Pag (Zr\u0107e), 4 national parks, numerous nature parks and other places that abound in natural beauty and sights. (Kornati, Krka, Paklenica, Tela\u0161\u0107ica, Vrana Lake, Velebit).<\/p><p>You can see more about the place and events <span style=\"text-decoration: underline;\"><a href=\"https:\/\/www.sukosan.hr\/en\" target=\"_blank\" rel=\"noopener\">here<\/a><\/span>.<\/p>\t\t\t\t\t\t\t\t<\/div>\n\t\t\t\t<\/div>\n\t\t\t\t\t<\/div>\n\t\t<\/div>\n\t\t\t\t\t<\/div>\n\t\t<\/section>\n\t\t\t\t<\/div>\n\t\t","protected":false},"excerpt":{"rendered":"<p>location Suko\u0161an Want to know more about the location? Where is Suko\u0161an and what is nearby? What is the connection with Suko\u0161an and other information? We bring you answers to your questions! location Overview of information about Suko\u0161an Want to know more about the location? Where is Suko\u0161an and what is nearby? What is the [&hellip;]<\/p>\n","protected":false},"author":1,"featured_media":0,"parent":0,"menu_order":0,"comment_status":"closed","ping_status":"closed","template":"elementor_header_footer","meta":{"footnotes":""},"class_list":["post-1333","page","type-page","status-publish","hentry"],"yoast_head":"<!-- This site is optimized with the Yoast SEO Premium plugin v20.5 (Yoast SEO v27.3) - https:\/\/yoast.com\/product\/yoast-seo-premium-wordpress\/ -->\n<title>Luxury Apartments Croatia<\/title>\n<meta name=\"robots\" content=\"index, follow, max-snippet:-1, max-image-preview:large, max-video-preview:-1\" \/>\n<link rel=\"canonical\" href=\"https:\/\/www.lac.hr\/sukosan\/\" \/>\n<meta property=\"og:locale\" content=\"en_US\" \/>\n<meta property=\"og:type\" content=\"article\" \/>\n<meta property=\"og:title\" content=\"Suko\u0161an\" \/>\n<meta property=\"og:description\" content=\"location Suko\u0161an Want to know more about the location? Where is Suko\u0161an and what is nearby? What is the connection with Suko\u0161an and other information? We bring you answers to your questions! location Overview of information about Suko\u0161an Want to know more about the location? Where is Suko\u0161an and what is nearby? What is the [&hellip;]\" \/>\n<meta property=\"og:url\" content=\"https:\/\/www.lac.hr\/sukosan\/\" \/>\n<meta property=\"og:site_name\" content=\"Luxury Apartments Croatia\" \/>\n<meta property=\"article:modified_time\" content=\"2023-04-17T09:30:58+00:00\" \/>\n<meta property=\"og:image\" content=\"https:\/\/www.lac.hr\/wp-content\/uploads\/2023\/04\/sukosan2-1024x683.jpg\" \/>\n<meta name=\"twitter:card\" content=\"summary_large_image\" \/>\n<meta name=\"twitter:label1\" content=\"Est. reading time\" \/>\n\t<meta name=\"twitter:data1\" content=\"2 minutes\" \/>\n<script type=\"application\/ld+json\" class=\"yoast-schema-graph\">{\"@context\":\"https:\\\/\\\/schema.org\",\"@graph\":[{\"@type\":\"WebPage\",\"@id\":\"https:\\\/\\\/www.lac.hr\\\/sukosan\\\/\",\"url\":\"https:\\\/\\\/www.lac.hr\\\/sukosan\\\/\",\"name\":\"Luxury Apartments Croatia\",\"isPartOf\":{\"@id\":\"https:\\\/\\\/www.lac.hr\\\/#website\"},\"primaryImageOfPage\":{\"@id\":\"https:\\\/\\\/www.lac.hr\\\/sukosan\\\/#primaryimage\"},\"image\":{\"@id\":\"https:\\\/\\\/www.lac.hr\\\/sukosan\\\/#primaryimage\"},\"thumbnailUrl\":\"https:\\\/\\\/www.lac.hr\\\/wp-content\\\/uploads\\\/2023\\\/04\\\/sukosan2-1024x683.jpg\",\"datePublished\":\"2023-04-10T12:22:08+00:00\",\"dateModified\":\"2023-04-17T09:30:58+00:00\",\"breadcrumb\":{\"@id\":\"https:\\\/\\\/www.lac.hr\\\/sukosan\\\/#breadcrumb\"},\"inLanguage\":\"en-US\",\"potentialAction\":[{\"@type\":\"ReadAction\",\"target\":[\"https:\\\/\\\/www.lac.hr\\\/sukosan\\\/\"]}]},{\"@type\":\"ImageObject\",\"inLanguage\":\"en-US\",\"@id\":\"https:\\\/\\\/www.lac.hr\\\/sukosan\\\/#primaryimage\",\"url\":\"https:\\\/\\\/www.lac.hr\\\/wp-content\\\/uploads\\\/2023\\\/04\\\/sukosan2-1024x683.jpg\",\"contentUrl\":\"https:\\\/\\\/www.lac.hr\\\/wp-content\\\/uploads\\\/2023\\\/04\\\/sukosan2-1024x683.jpg\"},{\"@type\":\"BreadcrumbList\",\"@id\":\"https:\\\/\\\/www.lac.hr\\\/sukosan\\\/#breadcrumb\",\"itemListElement\":[{\"@type\":\"ListItem\",\"position\":1,\"name\":\"Po\u010detna stranica\",\"item\":\"https:\\\/\\\/www.lac.hr\\\/\"},{\"@type\":\"ListItem\",\"position\":2,\"name\":\"Suko\u0161an\"}]},{\"@type\":\"WebSite\",\"@id\":\"https:\\\/\\\/www.lac.hr\\\/#website\",\"url\":\"https:\\\/\\\/www.lac.hr\\\/\",\"name\":\"Luxury Apartments Croatia\",\"description\":\"\",\"publisher\":{\"@id\":\"https:\\\/\\\/www.lac.hr\\\/#organization\"},\"potentialAction\":[{\"@type\":\"SearchAction\",\"target\":{\"@type\":\"EntryPoint\",\"urlTemplate\":\"https:\\\/\\\/www.lac.hr\\\/?s={search_term_string}\"},\"query-input\":{\"@type\":\"PropertyValueSpecification\",\"valueRequired\":true,\"valueName\":\"search_term_string\"}}],\"inLanguage\":\"en-US\"},{\"@type\":\"Organization\",\"@id\":\"https:\\\/\\\/www.lac.hr\\\/#organization\",\"name\":\"Luxury Apartments Croatia\",\"url\":\"https:\\\/\\\/www.lac.hr\\\/\",\"logo\":{\"@type\":\"ImageObject\",\"inLanguage\":\"en-US\",\"@id\":\"https:\\\/\\\/www.lac.hr\\\/#\\\/schema\\\/logo\\\/image\\\/\",\"url\":\"https:\\\/\\\/www.lac.hr\\\/wp-content\\\/uploads\\\/2023\\\/03\\\/logo-u-boji.png\",\"contentUrl\":\"https:\\\/\\\/www.lac.hr\\\/wp-content\\\/uploads\\\/2023\\\/03\\\/logo-u-boji.png\",\"width\":974,\"height\":295,\"caption\":\"Luxury Apartments Croatia\"},\"image\":{\"@id\":\"https:\\\/\\\/www.lac.hr\\\/#\\\/schema\\\/logo\\\/image\\\/\"}}]}<\/script>\n<!-- \/ Yoast SEO Premium plugin. -->","yoast_head_json":{"title":"Luxury Apartments Croatia","robots":{"index":"index","follow":"follow","max-snippet":"max-snippet:-1","max-image-preview":"max-image-preview:large","max-video-preview":"max-video-preview:-1"},"canonical":"https:\/\/www.lac.hr\/sukosan\/","og_locale":"en_US","og_type":"article","og_title":"Suko\u0161an","og_description":"location Suko\u0161an Want to know more about the location? Where is Suko\u0161an and what is nearby? What is the connection with Suko\u0161an and other information? We bring you answers to your questions! location Overview of information about Suko\u0161an Want to know more about the location? Where is Suko\u0161an and what is nearby? What is the [&hellip;]","og_url":"https:\/\/www.lac.hr\/sukosan\/","og_site_name":"Luxury Apartments Croatia","article_modified_time":"2023-04-17T09:30:58+00:00","og_image":[{"url":"https:\/\/www.lac.hr\/wp-content\/uploads\/2023\/04\/sukosan2-1024x683.jpg","type":"","width":"","height":""}],"twitter_card":"summary_large_image","twitter_misc":{"Est. reading time":"2 minutes"},"schema":{"@context":"https:\/\/schema.org","@graph":[{"@type":"WebPage","@id":"https:\/\/www.lac.hr\/sukosan\/","url":"https:\/\/www.lac.hr\/sukosan\/","name":"Luxury Apartments Croatia","isPartOf":{"@id":"https:\/\/www.lac.hr\/#website"},"primaryImageOfPage":{"@id":"https:\/\/www.lac.hr\/sukosan\/#primaryimage"},"image":{"@id":"https:\/\/www.lac.hr\/sukosan\/#primaryimage"},"thumbnailUrl":"https:\/\/www.lac.hr\/wp-content\/uploads\/2023\/04\/sukosan2-1024x683.jpg","datePublished":"2023-04-10T12:22:08+00:00","dateModified":"2023-04-17T09:30:58+00:00","breadcrumb":{"@id":"https:\/\/www.lac.hr\/sukosan\/#breadcrumb"},"inLanguage":"en-US","potentialAction":[{"@type":"ReadAction","target":["https:\/\/www.lac.hr\/sukosan\/"]}]},{"@type":"ImageObject","inLanguage":"en-US","@id":"https:\/\/www.lac.hr\/sukosan\/#primaryimage","url":"https:\/\/www.lac.hr\/wp-content\/uploads\/2023\/04\/sukosan2-1024x683.jpg","contentUrl":"https:\/\/www.lac.hr\/wp-content\/uploads\/2023\/04\/sukosan2-1024x683.jpg"},{"@type":"BreadcrumbList","@id":"https:\/\/www.lac.hr\/sukosan\/#breadcrumb","itemListElement":[{"@type":"ListItem","position":1,"name":"Po\u010detna stranica","item":"https:\/\/www.lac.hr\/"},{"@type":"ListItem","position":2,"name":"Suko\u0161an"}]},{"@type":"WebSite","@id":"https:\/\/www.lac.hr\/#website","url":"https:\/\/www.lac.hr\/","name":"Luxury Apartments Croatia","description":"","publisher":{"@id":"https:\/\/www.lac.hr\/#organization"},"potentialAction":[{"@type":"SearchAction","target":{"@type":"EntryPoint","urlTemplate":"https:\/\/www.lac.hr\/?s={search_term_string}"},"query-input":{"@type":"PropertyValueSpecification","valueRequired":true,"valueName":"search_term_string"}}],"inLanguage":"en-US"},{"@type":"Organization","@id":"https:\/\/www.lac.hr\/#organization","name":"Luxury Apartments Croatia","url":"https:\/\/www.lac.hr\/","logo":{"@type":"ImageObject","inLanguage":"en-US","@id":"https:\/\/www.lac.hr\/#\/schema\/logo\/image\/","url":"https:\/\/www.lac.hr\/wp-content\/uploads\/2023\/03\/logo-u-boji.png","contentUrl":"https:\/\/www.lac.hr\/wp-content\/uploads\/2023\/03\/logo-u-boji.png","width":974,"height":295,"caption":"Luxury Apartments Croatia"},"image":{"@id":"https:\/\/www.lac.hr\/#\/schema\/logo\/image\/"}}]}},"jetpack_sharing_enabled":true,"_links":{"self":[{"href":"https:\/\/www.lac.hr\/en\/wp-json\/wp\/v2\/pages\/1333","targetHints":{"allow":["GET"]}}],"collection":[{"href":"https:\/\/www.lac.hr\/en\/wp-json\/wp\/v2\/pages"}],"about":[{"href":"https:\/\/www.lac.hr\/en\/wp-json\/wp\/v2\/types\/page"}],"author":[{"embeddable":true,"href":"https:\/\/www.lac.hr\/en\/wp-json\/wp\/v2\/users\/1"}],"replies":[{"embeddable":true,"href":"https:\/\/www.lac.hr\/en\/wp-json\/wp\/v2\/comments?post=1333"}],"version-history":[{"count":16,"href":"https:\/\/www.lac.hr\/en\/wp-json\/wp\/v2\/pages\/1333\/revisions"}],"predecessor-version":[{"id":2370,"href":"https:\/\/www.lac.hr\/en\/wp-json\/wp\/v2\/pages\/1333\/revisions\/2370"}],"wp:attachment":[{"href":"https:\/\/www.lac.hr\/en\/wp-json\/wp\/v2\/media?parent=1333"}],"curies":[{"name":"wp","href":"https:\/\/api.w.org\/{rel}","templated":true}]}}