{"id":4334,"date":"2025-09-04T21:00:52","date_gmt":"2025-09-04T19:00:52","guid":{"rendered":"https:\/\/www.lac.hr\/land\/"},"modified":"2025-10-14T10:31:25","modified_gmt":"2025-10-14T08:31:25","slug":"land","status":"publish","type":"page","link":"https:\/\/www.lac.hr\/de\/land\/","title":{"rendered":"Land"},"content":{"rendered":"\t\t<div data-elementor-type=\"wp-page\" data-elementor-id=\"4334\" class=\"elementor elementor-4334 elementor-4237\" data-elementor-post-type=\"page\">\n\t\t\t\t\t\t<section class=\"elementor-section elementor-top-section elementor-element elementor-element-5b8d7ed elementor-section-height-min-height animated-slow elementor-section-full_width elementor-section-items-bottom elementor-hidden-tablet elementor-hidden-mobile elementor-section-height-default elementor-invisible\" data-id=\"5b8d7ed\" data-element_type=\"section\" data-settings=\"{&quot;background_background&quot;:&quot;classic&quot;,&quot;animation&quot;:&quot;fadeIn&quot;}\">\n\t\t\t\t\t\t\t<div class=\"elementor-background-overlay\"><\/div>\n\t\t\t\t\t\t\t<div class=\"elementor-container elementor-column-gap-default\">\n\t\t\t\t\t<div class=\"elementor-column elementor-col-50 elementor-top-column elementor-element elementor-element-2c3ab889 animated-slow elementor-invisible\" data-id=\"2c3ab889\" data-element_type=\"column\" data-settings=\"{&quot;background_background&quot;:&quot;classic&quot;,&quot;animation&quot;:&quot;fadeInLeft&quot;}\">\n\t\t\t<div class=\"elementor-widget-wrap elementor-element-populated\">\n\t\t\t\t\t<div class=\"elementor-background-overlay\"><\/div>\n\t\t\t\t\t\t<div class=\"elementor-element elementor-element-70f8e267 elementor-widget-divider--view-line_text elementor-widget-divider--element-align-left elementor-widget elementor-widget-divider\" data-id=\"70f8e267\" data-element_type=\"widget\" data-widget_type=\"divider.default\">\n\t\t\t\t<div class=\"elementor-widget-container\">\n\t\t\t\t\t\t\t<div class=\"elementor-divider\">\n\t\t\t<span class=\"elementor-divider-separator\">\n\t\t\t\t\t\t\t<span class=\"elementor-divider__text elementor-divider__element\">\n\t\t\t\tLAC\t\t\t\t<\/span>\n\t\t\t\t\t\t<\/span>\n\t\t<\/div>\n\t\t\t\t\t\t<\/div>\n\t\t\t\t<\/div>\n\t\t\t\t<div class=\"elementor-element elementor-element-2f796809 animated-slow elementor-invisible elementor-widget elementor-widget-heading\" data-id=\"2f796809\" data-element_type=\"widget\" data-settings=\"{&quot;_animation&quot;:&quot;fadeIn&quot;,&quot;_animation_delay&quot;:600}\" data-widget_type=\"heading.default\">\n\t\t\t\t<div class=\"elementor-widget-container\">\n\t\t\t\t\t<h1 class=\"elementor-heading-title elementor-size-default\">Land<\/h1>\t\t\t\t<\/div>\n\t\t\t\t<\/div>\n\t\t\t\t<div class=\"elementor-element elementor-element-1e660bb6 elementor-widget elementor-widget-text-editor\" data-id=\"1e660bb6\" data-element_type=\"widget\" data-widget_type=\"text-editor.default\">\n\t\t\t\t<div class=\"elementor-widget-container\">\n\t\t\t\t\t\t\t\t\t<p>Suchen Sie den idealen Standort f\u00fcr Ihre neue Immobilie? LAC ist f\u00fcr Sie da, wir bieten Ihnen exklusive Grundst\u00fccke in bester Lage. Finden Sie ein Grundst\u00fcck und kontaktieren Sie uns f\u00fcr ein Angebot!<\/p>\n\t\t\t\t\t\t\t\t<\/div>\n\t\t\t\t<\/div>\n\t\t\t\t\t<\/div>\n\t\t<\/div>\n\t\t\t\t<div class=\"elementor-column elementor-col-50 elementor-top-column elementor-element elementor-element-120dcdf1 elementor-hidden-tablet elementor-hidden-mobile\" data-id=\"120dcdf1\" data-element_type=\"column\">\n\t\t\t<div class=\"elementor-widget-wrap\">\n\t\t\t\t\t<div class=\"elementor-background-overlay\"><\/div>\n\t\t\t\t\t\t\t<\/div>\n\t\t<\/div>\n\t\t\t\t\t<\/div>\n\t\t<\/section>\n\t\t\t\t<section class=\"elementor-section elementor-top-section elementor-element elementor-element-2d231f9 elementor-section-height-min-height animated-slow elementor-section-full_width elementor-section-items-bottom elementor-hidden-desktop elementor-section-height-default elementor-invisible\" data-id=\"2d231f9\" data-element_type=\"section\" data-settings=\"{&quot;background_background&quot;:&quot;classic&quot;,&quot;animation&quot;:&quot;fadeIn&quot;}\">\n\t\t\t\t\t\t\t<div class=\"elementor-background-overlay\"><\/div>\n\t\t\t\t\t\t\t<div class=\"elementor-container elementor-column-gap-default\">\n\t\t\t\t\t<div class=\"elementor-column elementor-col-100 elementor-top-column elementor-element elementor-element-414717fc\" data-id=\"414717fc\" data-element_type=\"column\">\n\t\t\t<div class=\"elementor-widget-wrap\">\n\t\t\t\t\t<div class=\"elementor-background-overlay\"><\/div>\n\t\t\t\t\t\t\t<\/div>\n\t\t<\/div>\n\t\t\t\t\t<\/div>\n\t\t<\/section>\n\t\t\t\t<section class=\"elementor-section elementor-top-section elementor-element elementor-element-405c8905 animated-slow elementor-hidden-desktop elementor-section-boxed elementor-section-height-default elementor-section-height-default elementor-invisible\" data-id=\"405c8905\" data-element_type=\"section\" data-settings=\"{&quot;animation&quot;:&quot;fadeInLeft&quot;}\">\n\t\t\t\t\t\t<div class=\"elementor-container elementor-column-gap-default\">\n\t\t\t\t\t<div class=\"elementor-column elementor-col-100 elementor-top-column elementor-element elementor-element-7087561d\" data-id=\"7087561d\" data-element_type=\"column\">\n\t\t\t<div class=\"elementor-widget-wrap elementor-element-populated\">\n\t\t\t\t\t\t<div class=\"elementor-element elementor-element-557596 elementor-widget-divider--view-line_text elementor-widget-divider--element-align-left animated-slow elementor-widget elementor-widget-divider\" data-id=\"557596\" data-element_type=\"widget\" data-settings=\"{&quot;_animation&quot;:&quot;none&quot;,&quot;_animation_tablet&quot;:&quot;none&quot;,&quot;_animation_mobile&quot;:&quot;none&quot;}\" data-widget_type=\"divider.default\">\n\t\t\t\t<div class=\"elementor-widget-container\">\n\t\t\t\t\t\t\t<div class=\"elementor-divider\">\n\t\t\t<span class=\"elementor-divider-separator\">\n\t\t\t\t\t\t\t<span class=\"elementor-divider__text elementor-divider__element\">\n\t\t\t\tLAC\t\t\t\t<\/span>\n\t\t\t\t\t\t<\/span>\n\t\t<\/div>\n\t\t\t\t\t\t<\/div>\n\t\t\t\t<\/div>\n\t\t\t\t<div class=\"elementor-element elementor-element-767337a0 animated-slow elementor-invisible elementor-widget elementor-widget-heading\" data-id=\"767337a0\" data-element_type=\"widget\" data-settings=\"{&quot;_animation&quot;:&quot;fadeIn&quot;,&quot;_animation_delay&quot;:600}\" data-widget_type=\"heading.default\">\n\t\t\t\t<div class=\"elementor-widget-container\">\n\t\t\t\t\t<h1 class=\"elementor-heading-title elementor-size-default\">Land<\/h1>\t\t\t\t<\/div>\n\t\t\t\t<\/div>\n\t\t\t\t<div class=\"elementor-element elementor-element-7ec520d elementor-widget elementor-widget-text-editor\" data-id=\"7ec520d\" data-element_type=\"widget\" data-widget_type=\"text-editor.default\">\n\t\t\t\t<div class=\"elementor-widget-container\">\n\t\t\t\t\t\t\t\t\t<p>Suchen Sie den idealen Standort f\u00fcr Ihre neue Immobilie? LAC ist f\u00fcr Sie da, wir bieten Ihnen exklusive Grundst\u00fccke in bester Lage. Finden Sie ein Grundst\u00fcck und kontaktieren Sie uns f\u00fcr ein Angebot!<\/p>\n\t\t\t\t\t\t\t\t<\/div>\n\t\t\t\t<\/div>\n\t\t\t\t\t<\/div>\n\t\t<\/div>\n\t\t\t\t\t<\/div>\n\t\t<\/section>\n\t\t\t\t<section class=\"elementor-section elementor-top-section elementor-element elementor-element-4f97a8c8 elementor-section-boxed elementor-section-height-default elementor-section-height-default\" data-id=\"4f97a8c8\" data-element_type=\"section\" id=\"novo\">\n\t\t\t\t\t\t<div class=\"elementor-container elementor-column-gap-no\">\n\t\t\t\t\t<div class=\"elementor-column elementor-col-100 elementor-top-column elementor-element elementor-element-3f8c4c25\" data-id=\"3f8c4c25\" data-element_type=\"column\">\n\t\t\t<div class=\"elementor-widget-wrap elementor-element-populated\">\n\t\t\t\t\t\t<div class=\"elementor-element elementor-element-1b2ddced elementor-widget-divider--view-line_text elementor-widget-divider--element-align-left animated-slow elementor-invisible elementor-widget elementor-widget-divider\" data-id=\"1b2ddced\" data-element_type=\"widget\" data-settings=\"{&quot;_animation&quot;:&quot;fadeInLeft&quot;}\" data-widget_type=\"divider.default\">\n\t\t\t\t<div class=\"elementor-widget-container\">\n\t\t\t\t\t\t\t<div class=\"elementor-divider\">\n\t\t\t<span class=\"elementor-divider-separator\">\n\t\t\t\t\t\t\t<span class=\"elementor-divider__text elementor-divider__element\">\n\t\t\t\tUnsere L\u00e4nder\t\t\t\t<\/span>\n\t\t\t\t\t\t<\/span>\n\t\t<\/div>\n\t\t\t\t\t\t<\/div>\n\t\t\t\t<\/div>\n\t\t\t\t<section class=\"elementor-section elementor-inner-section elementor-element elementor-element-4b2c7982 elementor-section-boxed elementor-section-height-default elementor-section-height-default\" data-id=\"4b2c7982\" data-element_type=\"section\">\n\t\t\t\t\t\t<div class=\"elementor-container elementor-column-gap-default\">\n\t\t\t\t\t<div class=\"elementor-column elementor-col-25 elementor-inner-column elementor-element elementor-element-55c375c2 animated-slow elementor-invisible\" data-id=\"55c375c2\" data-element_type=\"column\" data-settings=\"{&quot;animation&quot;:&quot;fadeInUp&quot;,&quot;animation_delay&quot;:200}\">\n\t\t\t<div class=\"elementor-widget-wrap elementor-element-populated\">\n\t\t\t\t\t\t<div class=\"elementor-element elementor-element-64631f35 elementor-widget elementor-widget-image\" data-id=\"64631f35\" data-element_type=\"widget\" data-widget_type=\"image.default\">\n\t\t\t\t<div class=\"elementor-widget-container\">\n\t\t\t\t\t\t\t\t\t\t\t\t\t\t\t<img fetchpriority=\"high\" decoding=\"async\" width=\"600\" height=\"400\" src=\"https:\/\/www.lac.hr\/wp-content\/uploads\/2025\/09\/punta-2a.jpg\" class=\"attachment-large size-large wp-image-4394\" alt=\"\" srcset=\"https:\/\/www.lac.hr\/wp-content\/uploads\/2025\/09\/punta-2a.jpg 600w, https:\/\/www.lac.hr\/wp-content\/uploads\/2025\/09\/punta-2a-300x200.jpg 300w\" sizes=\"(max-width: 600px) 100vw, 600px\" \/>\t\t\t\t\t\t\t\t\t\t\t\t\t\t\t<\/div>\n\t\t\t\t<\/div>\n\t\t\t\t<div class=\"elementor-element elementor-element-36c60193 elementor-widget elementor-widget-heading\" data-id=\"36c60193\" data-element_type=\"widget\" data-widget_type=\"heading.default\">\n\t\t\t\t<div class=\"elementor-widget-container\">\n\t\t\t\t\t<h3 class=\"elementor-heading-title elementor-size-default\">Punta 2a<\/h3>\t\t\t\t<\/div>\n\t\t\t\t<\/div>\n\t\t\t\t<div class=\"elementor-element elementor-element-24c5fba elementor-align-center elementor-widget elementor-widget-button\" data-id=\"24c5fba\" data-element_type=\"widget\" data-widget_type=\"button.default\">\n\t\t\t\t<div class=\"elementor-widget-container\">\n\t\t\t\t\t\t\t\t\t<div class=\"elementor-button-wrapper\">\n\t\t\t\t\t<a class=\"elementor-button elementor-button-link elementor-size-sm\" href=\"https:\/\/www.lac.hr\/de\/punta-2a\/\">\n\t\t\t\t\t\t<span class=\"elementor-button-content-wrapper\">\n\t\t\t\t\t\t\t\t\t<span class=\"elementor-button-text\">Sehen Sie sich das Land an<\/span>\n\t\t\t\t\t<\/span>\n\t\t\t\t\t<\/a>\n\t\t\t\t<\/div>\n\t\t\t\t\t\t\t\t<\/div>\n\t\t\t\t<\/div>\n\t\t\t\t\t<\/div>\n\t\t<\/div>\n\t\t\t\t<div class=\"elementor-column elementor-col-25 elementor-inner-column elementor-element elementor-element-5e5b8c89 animated-slow elementor-invisible\" data-id=\"5e5b8c89\" data-element_type=\"column\" data-settings=\"{&quot;animation&quot;:&quot;fadeInUp&quot;,&quot;animation_delay&quot;:400}\">\n\t\t\t<div class=\"elementor-widget-wrap\">\n\t\t\t\t\t\t\t<\/div>\n\t\t<\/div>\n\t\t\t\t<div class=\"elementor-column elementor-col-25 elementor-inner-column elementor-element elementor-element-3f7e8327 animated-slow elementor-invisible\" data-id=\"3f7e8327\" data-element_type=\"column\" data-settings=\"{&quot;animation&quot;:&quot;fadeInUp&quot;,&quot;animation_delay&quot;:600}\">\n\t\t\t<div class=\"elementor-widget-wrap\">\n\t\t\t\t\t\t\t<\/div>\n\t\t<\/div>\n\t\t\t\t<div class=\"elementor-column elementor-col-25 elementor-inner-column elementor-element elementor-element-67296631 animated-slow elementor-invisible\" data-id=\"67296631\" data-element_type=\"column\" data-settings=\"{&quot;animation&quot;:&quot;fadeInUp&quot;,&quot;animation_delay&quot;:800}\">\n\t\t\t<div class=\"elementor-widget-wrap\">\n\t\t\t\t\t\t\t<\/div>\n\t\t<\/div>\n\t\t\t\t\t<\/div>\n\t\t<\/section>\n\t\t\t\t\t<\/div>\n\t\t<\/div>\n\t\t\t\t\t<\/div>\n\t\t<\/section>\n\t\t\t\t<\/div>\n\t\t","protected":false},"excerpt":{"rendered":"<p>LAC Land Suchen Sie den idealen Standort f\u00fcr Ihre neue Immobilie? LAC ist f\u00fcr Sie da, wir bieten Ihnen exklusive Grundst\u00fccke in bester Lage. Finden Sie ein Grundst\u00fcck und kontaktieren Sie uns f\u00fcr ein Angebot! LAC Land Suchen Sie den idealen Standort f\u00fcr Ihre neue Immobilie? LAC ist f\u00fcr Sie da, wir bieten Ihnen exklusive [&hellip;]<\/p>\n","protected":false},"author":1,"featured_media":0,"parent":0,"menu_order":0,"comment_status":"closed","ping_status":"closed","template":"elementor_header_footer","meta":{"footnotes":""},"class_list":["post-4334","page","type-page","status-publish","hentry"],"yoast_head":"<!-- This site is optimized with the Yoast SEO Premium plugin v20.5 (Yoast SEO v27.4) - https:\/\/yoast.com\/product\/yoast-seo-premium-wordpress\/ -->\n<title>Luxury Apartments Croatia<\/title>\n<meta name=\"robots\" content=\"index, follow, max-snippet:-1, max-image-preview:large, max-video-preview:-1\" \/>\n<link rel=\"canonical\" href=\"https:\/\/www.lac.hr\/zemljista\/\" \/>\n<meta property=\"og:locale\" content=\"de_DE\" \/>\n<meta property=\"og:type\" content=\"article\" \/>\n<meta property=\"og:title\" content=\"Land\" \/>\n<meta property=\"og:description\" content=\"LAC Land Suchen Sie den idealen Standort f\u00fcr Ihre neue Immobilie? LAC ist f\u00fcr Sie da, wir bieten Ihnen exklusive Grundst\u00fccke in bester Lage. Finden Sie ein Grundst\u00fcck und kontaktieren Sie uns f\u00fcr ein Angebot! LAC Land Suchen Sie den idealen Standort f\u00fcr Ihre neue Immobilie? LAC ist f\u00fcr Sie da, wir bieten Ihnen exklusive [&hellip;]\" \/>\n<meta property=\"og:url\" content=\"https:\/\/www.lac.hr\/zemljista\/\" \/>\n<meta property=\"og:site_name\" content=\"Luxury Apartments Croatia\" \/>\n<meta property=\"article:modified_time\" content=\"2025-10-14T08:31:25+00:00\" \/>\n<meta property=\"og:image\" content=\"https:\/\/www.lac.hr\/wp-content\/uploads\/2025\/09\/punta-2a.jpg\" \/>\n<meta name=\"twitter:card\" content=\"summary_large_image\" \/>\n<meta name=\"twitter:label1\" content=\"Gesch\u00e4tzte Lesezeit\" \/>\n\t<meta name=\"twitter:data1\" content=\"1\u00a0Minute\" \/>\n<script type=\"application\/ld+json\" class=\"yoast-schema-graph\">{\"@context\":\"https:\\\/\\\/schema.org\",\"@graph\":[{\"@type\":\"WebPage\",\"@id\":\"https:\\\/\\\/www.lac.hr\\\/zemljista\\\/\",\"url\":\"https:\\\/\\\/www.lac.hr\\\/zemljista\\\/\",\"name\":\"Luxury Apartments Croatia\",\"isPartOf\":{\"@id\":\"https:\\\/\\\/www.lac.hr\\\/#website\"},\"primaryImageOfPage\":{\"@id\":\"https:\\\/\\\/www.lac.hr\\\/zemljista\\\/#primaryimage\"},\"image\":{\"@id\":\"https:\\\/\\\/www.lac.hr\\\/zemljista\\\/#primaryimage\"},\"thumbnailUrl\":\"https:\\\/\\\/www.lac.hr\\\/wp-content\\\/uploads\\\/2025\\\/09\\\/punta-2a.jpg\",\"datePublished\":\"2025-09-04T19:00:52+00:00\",\"dateModified\":\"2025-10-14T08:31:25+00:00\",\"breadcrumb\":{\"@id\":\"https:\\\/\\\/www.lac.hr\\\/zemljista\\\/#breadcrumb\"},\"inLanguage\":\"de\",\"potentialAction\":[{\"@type\":\"ReadAction\",\"target\":[\"https:\\\/\\\/www.lac.hr\\\/zemljista\\\/\"]}]},{\"@type\":\"ImageObject\",\"inLanguage\":\"de\",\"@id\":\"https:\\\/\\\/www.lac.hr\\\/zemljista\\\/#primaryimage\",\"url\":\"https:\\\/\\\/www.lac.hr\\\/wp-content\\\/uploads\\\/2025\\\/09\\\/punta-2a.jpg\",\"contentUrl\":\"https:\\\/\\\/www.lac.hr\\\/wp-content\\\/uploads\\\/2025\\\/09\\\/punta-2a.jpg\"},{\"@type\":\"BreadcrumbList\",\"@id\":\"https:\\\/\\\/www.lac.hr\\\/zemljista\\\/#breadcrumb\",\"itemListElement\":[{\"@type\":\"ListItem\",\"position\":1,\"name\":\"Po\u010detna stranica\",\"item\":\"https:\\\/\\\/www.lac.hr\\\/\"},{\"@type\":\"ListItem\",\"position\":2,\"name\":\"Land\"}]},{\"@type\":\"WebSite\",\"@id\":\"https:\\\/\\\/www.lac.hr\\\/#website\",\"url\":\"https:\\\/\\\/www.lac.hr\\\/\",\"name\":\"Luxury Apartments Croatia\",\"description\":\"\",\"publisher\":{\"@id\":\"https:\\\/\\\/www.lac.hr\\\/#organization\"},\"potentialAction\":[{\"@type\":\"SearchAction\",\"target\":{\"@type\":\"EntryPoint\",\"urlTemplate\":\"https:\\\/\\\/www.lac.hr\\\/?s={search_term_string}\"},\"query-input\":{\"@type\":\"PropertyValueSpecification\",\"valueRequired\":true,\"valueName\":\"search_term_string\"}}],\"inLanguage\":\"de\"},{\"@type\":\"Organization\",\"@id\":\"https:\\\/\\\/www.lac.hr\\\/#organization\",\"name\":\"Luxury Apartments Croatia\",\"url\":\"https:\\\/\\\/www.lac.hr\\\/\",\"logo\":{\"@type\":\"ImageObject\",\"inLanguage\":\"de\",\"@id\":\"https:\\\/\\\/www.lac.hr\\\/#\\\/schema\\\/logo\\\/image\\\/\",\"url\":\"https:\\\/\\\/www.lac.hr\\\/wp-content\\\/uploads\\\/2023\\\/03\\\/logo-u-boji.png\",\"contentUrl\":\"https:\\\/\\\/www.lac.hr\\\/wp-content\\\/uploads\\\/2023\\\/03\\\/logo-u-boji.png\",\"width\":974,\"height\":295,\"caption\":\"Luxury Apartments Croatia\"},\"image\":{\"@id\":\"https:\\\/\\\/www.lac.hr\\\/#\\\/schema\\\/logo\\\/image\\\/\"}}]}<\/script>\n<!-- \/ Yoast SEO Premium plugin. -->","yoast_head_json":{"title":"Luxury Apartments Croatia","robots":{"index":"index","follow":"follow","max-snippet":"max-snippet:-1","max-image-preview":"max-image-preview:large","max-video-preview":"max-video-preview:-1"},"canonical":"https:\/\/www.lac.hr\/zemljista\/","og_locale":"de_DE","og_type":"article","og_title":"Land","og_description":"LAC Land Suchen Sie den idealen Standort f\u00fcr Ihre neue Immobilie? LAC ist f\u00fcr Sie da, wir bieten Ihnen exklusive Grundst\u00fccke in bester Lage. Finden Sie ein Grundst\u00fcck und kontaktieren Sie uns f\u00fcr ein Angebot! LAC Land Suchen Sie den idealen Standort f\u00fcr Ihre neue Immobilie? LAC ist f\u00fcr Sie da, wir bieten Ihnen exklusive [&hellip;]","og_url":"https:\/\/www.lac.hr\/zemljista\/","og_site_name":"Luxury Apartments Croatia","article_modified_time":"2025-10-14T08:31:25+00:00","og_image":[{"url":"https:\/\/www.lac.hr\/wp-content\/uploads\/2025\/09\/punta-2a.jpg","type":"","width":"","height":""}],"twitter_card":"summary_large_image","twitter_misc":{"Gesch\u00e4tzte Lesezeit":"1\u00a0Minute"},"schema":{"@context":"https:\/\/schema.org","@graph":[{"@type":"WebPage","@id":"https:\/\/www.lac.hr\/zemljista\/","url":"https:\/\/www.lac.hr\/zemljista\/","name":"Luxury Apartments Croatia","isPartOf":{"@id":"https:\/\/www.lac.hr\/#website"},"primaryImageOfPage":{"@id":"https:\/\/www.lac.hr\/zemljista\/#primaryimage"},"image":{"@id":"https:\/\/www.lac.hr\/zemljista\/#primaryimage"},"thumbnailUrl":"https:\/\/www.lac.hr\/wp-content\/uploads\/2025\/09\/punta-2a.jpg","datePublished":"2025-09-04T19:00:52+00:00","dateModified":"2025-10-14T08:31:25+00:00","breadcrumb":{"@id":"https:\/\/www.lac.hr\/zemljista\/#breadcrumb"},"inLanguage":"de","potentialAction":[{"@type":"ReadAction","target":["https:\/\/www.lac.hr\/zemljista\/"]}]},{"@type":"ImageObject","inLanguage":"de","@id":"https:\/\/www.lac.hr\/zemljista\/#primaryimage","url":"https:\/\/www.lac.hr\/wp-content\/uploads\/2025\/09\/punta-2a.jpg","contentUrl":"https:\/\/www.lac.hr\/wp-content\/uploads\/2025\/09\/punta-2a.jpg"},{"@type":"BreadcrumbList","@id":"https:\/\/www.lac.hr\/zemljista\/#breadcrumb","itemListElement":[{"@type":"ListItem","position":1,"name":"Po\u010detna stranica","item":"https:\/\/www.lac.hr\/"},{"@type":"ListItem","position":2,"name":"Land"}]},{"@type":"WebSite","@id":"https:\/\/www.lac.hr\/#website","url":"https:\/\/www.lac.hr\/","name":"Luxury Apartments Croatia","description":"","publisher":{"@id":"https:\/\/www.lac.hr\/#organization"},"potentialAction":[{"@type":"SearchAction","target":{"@type":"EntryPoint","urlTemplate":"https:\/\/www.lac.hr\/?s={search_term_string}"},"query-input":{"@type":"PropertyValueSpecification","valueRequired":true,"valueName":"search_term_string"}}],"inLanguage":"de"},{"@type":"Organization","@id":"https:\/\/www.lac.hr\/#organization","name":"Luxury Apartments Croatia","url":"https:\/\/www.lac.hr\/","logo":{"@type":"ImageObject","inLanguage":"de","@id":"https:\/\/www.lac.hr\/#\/schema\/logo\/image\/","url":"https:\/\/www.lac.hr\/wp-content\/uploads\/2023\/03\/logo-u-boji.png","contentUrl":"https:\/\/www.lac.hr\/wp-content\/uploads\/2023\/03\/logo-u-boji.png","width":974,"height":295,"caption":"Luxury Apartments Croatia"},"image":{"@id":"https:\/\/www.lac.hr\/#\/schema\/logo\/image\/"}}]}},"jetpack_sharing_enabled":true,"_links":{"self":[{"href":"https:\/\/www.lac.hr\/de\/wp-json\/wp\/v2\/pages\/4334","targetHints":{"allow":["GET"]}}],"collection":[{"href":"https:\/\/www.lac.hr\/de\/wp-json\/wp\/v2\/pages"}],"about":[{"href":"https:\/\/www.lac.hr\/de\/wp-json\/wp\/v2\/types\/page"}],"author":[{"embeddable":true,"href":"https:\/\/www.lac.hr\/de\/wp-json\/wp\/v2\/users\/1"}],"replies":[{"embeddable":true,"href":"https:\/\/www.lac.hr\/de\/wp-json\/wp\/v2\/comments?post=4334"}],"version-history":[{"count":7,"href":"https:\/\/www.lac.hr\/de\/wp-json\/wp\/v2\/pages\/4334\/revisions"}],"predecessor-version":[{"id":4432,"href":"https:\/\/www.lac.hr\/de\/wp-json\/wp\/v2\/pages\/4334\/revisions\/4432"}],"wp:attachment":[{"href":"https:\/\/www.lac.hr\/de\/wp-json\/wp\/v2\/media?parent=4334"}],"curies":[{"name":"wp","href":"https:\/\/api.w.org\/{rel}","templated":true}]}}