{"id":3063,"date":"2023-05-29T10:35:19","date_gmt":"2023-05-29T08:35:19","guid":{"rendered":"https:\/\/www.lac.hr\/?page_id=3063"},"modified":"2025-07-28T22:45:31","modified_gmt":"2025-07-28T20:45:31","slug":"wohnungen","status":"publish","type":"page","link":"https:\/\/www.lac.hr\/de\/wohnungen\/","title":{"rendered":"Wohnungen"},"content":{"rendered":"\t\t<div data-elementor-type=\"wp-page\" data-elementor-id=\"3063\" class=\"elementor elementor-3063 elementor-633\" data-elementor-post-type=\"page\">\n\t\t\t\t\t\t<section class=\"elementor-section elementor-top-section elementor-element elementor-element-776ebba2 elementor-section-height-min-height animated-slow elementor-section-full_width elementor-section-items-bottom elementor-hidden-tablet elementor-hidden-mobile elementor-section-height-default elementor-invisible\" data-id=\"776ebba2\" data-element_type=\"section\" data-settings=\"{&quot;background_background&quot;:&quot;classic&quot;,&quot;animation&quot;:&quot;fadeIn&quot;}\">\n\t\t\t\t\t\t\t<div class=\"elementor-background-overlay\"><\/div>\n\t\t\t\t\t\t\t<div class=\"elementor-container elementor-column-gap-default\">\n\t\t\t\t\t<div class=\"elementor-column elementor-col-50 elementor-top-column elementor-element elementor-element-28477469 animated-slow elementor-invisible\" data-id=\"28477469\" data-element_type=\"column\" data-settings=\"{&quot;background_background&quot;:&quot;classic&quot;,&quot;animation&quot;:&quot;fadeInLeft&quot;}\">\n\t\t\t<div class=\"elementor-widget-wrap elementor-element-populated\">\n\t\t\t\t\t<div class=\"elementor-background-overlay\"><\/div>\n\t\t\t\t\t\t<div class=\"elementor-element elementor-element-5094fcfd elementor-widget-divider--view-line_text elementor-widget-divider--element-align-left elementor-widget elementor-widget-divider\" data-id=\"5094fcfd\" data-element_type=\"widget\" data-widget_type=\"divider.default\">\n\t\t\t\t<div class=\"elementor-widget-container\">\n\t\t\t\t\t\t\t<div class=\"elementor-divider\">\n\t\t\t<span class=\"elementor-divider-separator\">\n\t\t\t\t\t\t\t<span class=\"elementor-divider__text elementor-divider__element\">\n\t\t\t\tAngebot\t\t\t\t<\/span>\n\t\t\t\t\t\t<\/span>\n\t\t<\/div>\n\t\t\t\t\t\t<\/div>\n\t\t\t\t<\/div>\n\t\t\t\t<div class=\"elementor-element elementor-element-67d59383 animated-slow elementor-invisible elementor-widget elementor-widget-heading\" data-id=\"67d59383\" data-element_type=\"widget\" data-settings=\"{&quot;_animation&quot;:&quot;fadeIn&quot;,&quot;_animation_delay&quot;:600}\" data-widget_type=\"heading.default\">\n\t\t\t\t<div class=\"elementor-widget-container\">\n\t\t\t\t\t<h1 class=\"elementor-heading-title elementor-size-default\">SIEHE LISTE DER WOHNUNGEN<\/h1>\t\t\t\t<\/div>\n\t\t\t\t<\/div>\n\t\t\t\t<div class=\"elementor-element elementor-element-539f92d3 elementor-widget elementor-widget-text-editor\" data-id=\"539f92d3\" data-element_type=\"widget\" data-widget_type=\"text-editor.default\">\n\t\t\t\t<div class=\"elementor-widget-container\">\n\t\t\t\t\t\t\t\t\tDenken Sie \u00fcber Ihr Luxusapartment am Meer nach? M\u00f6chten Sie eine Wohnung zur Miete f\u00fcr ein zus\u00e4tzliches Einkommen? Schauen Sie sich unser Angebot an Wohnungen an!\t\t\t\t\t\t\t\t<\/div>\n\t\t\t\t<\/div>\n\t\t\t\t\t<\/div>\n\t\t<\/div>\n\t\t\t\t<div class=\"elementor-column elementor-col-50 elementor-top-column elementor-element elementor-element-2abb1444 elementor-hidden-tablet elementor-hidden-mobile\" data-id=\"2abb1444\" data-element_type=\"column\">\n\t\t\t<div class=\"elementor-widget-wrap\">\n\t\t\t\t\t<div class=\"elementor-background-overlay\"><\/div>\n\t\t\t\t\t\t\t<\/div>\n\t\t<\/div>\n\t\t\t\t\t<\/div>\n\t\t<\/section>\n\t\t\t\t<section class=\"elementor-section elementor-top-section elementor-element elementor-element-58539087 elementor-section-height-min-height animated-slow elementor-section-full_width elementor-section-items-bottom elementor-hidden-desktop elementor-section-height-default elementor-invisible\" data-id=\"58539087\" data-element_type=\"section\" data-settings=\"{&quot;background_background&quot;:&quot;classic&quot;,&quot;animation&quot;:&quot;fadeIn&quot;}\">\n\t\t\t\t\t\t\t<div class=\"elementor-background-overlay\"><\/div>\n\t\t\t\t\t\t\t<div class=\"elementor-container elementor-column-gap-default\">\n\t\t\t\t\t<div class=\"elementor-column elementor-col-100 elementor-top-column elementor-element elementor-element-5f5939be\" data-id=\"5f5939be\" data-element_type=\"column\">\n\t\t\t<div class=\"elementor-widget-wrap\">\n\t\t\t\t\t<div class=\"elementor-background-overlay\"><\/div>\n\t\t\t\t\t\t\t<\/div>\n\t\t<\/div>\n\t\t\t\t\t<\/div>\n\t\t<\/section>\n\t\t\t\t<section class=\"elementor-section elementor-top-section elementor-element elementor-element-61a5132f animated-slow elementor-hidden-desktop elementor-section-boxed elementor-section-height-default elementor-section-height-default elementor-invisible\" data-id=\"61a5132f\" data-element_type=\"section\" data-settings=\"{&quot;animation&quot;:&quot;fadeInLeft&quot;}\">\n\t\t\t\t\t\t<div class=\"elementor-container elementor-column-gap-default\">\n\t\t\t\t\t<div class=\"elementor-column elementor-col-100 elementor-top-column elementor-element elementor-element-411b9cb5\" data-id=\"411b9cb5\" data-element_type=\"column\">\n\t\t\t<div class=\"elementor-widget-wrap elementor-element-populated\">\n\t\t\t\t\t\t<div class=\"elementor-element elementor-element-30efbb9a elementor-widget-divider--view-line_text elementor-widget-divider--element-align-left animated-slow elementor-widget elementor-widget-divider\" data-id=\"30efbb9a\" data-element_type=\"widget\" data-settings=\"{&quot;_animation&quot;:&quot;none&quot;,&quot;_animation_tablet&quot;:&quot;none&quot;,&quot;_animation_mobile&quot;:&quot;none&quot;}\" data-widget_type=\"divider.default\">\n\t\t\t\t<div class=\"elementor-widget-container\">\n\t\t\t\t\t\t\t<div class=\"elementor-divider\">\n\t\t\t<span class=\"elementor-divider-separator\">\n\t\t\t\t\t\t\t<span class=\"elementor-divider__text elementor-divider__element\">\n\t\t\t\tAngebot\t\t\t\t<\/span>\n\t\t\t\t\t\t<\/span>\n\t\t<\/div>\n\t\t\t\t\t\t<\/div>\n\t\t\t\t<\/div>\n\t\t\t\t<div class=\"elementor-element elementor-element-6b98355f animated-slow elementor-invisible elementor-widget elementor-widget-heading\" data-id=\"6b98355f\" data-element_type=\"widget\" data-settings=\"{&quot;_animation&quot;:&quot;fadeIn&quot;,&quot;_animation_delay&quot;:600}\" data-widget_type=\"heading.default\">\n\t\t\t\t<div class=\"elementor-widget-container\">\n\t\t\t\t\t<h1 class=\"elementor-heading-title elementor-size-default\">Sehen Sie sich die Liste unserer neuen Wohnungen an<\/h1>\t\t\t\t<\/div>\n\t\t\t\t<\/div>\n\t\t\t\t<div class=\"elementor-element elementor-element-26e07254 elementor-widget elementor-widget-text-editor\" data-id=\"26e07254\" data-element_type=\"widget\" data-widget_type=\"text-editor.default\">\n\t\t\t\t<div class=\"elementor-widget-container\">\n\t\t\t\t\t\t\t\t\tDenken Sie \u00fcber Ihr Luxusapartment am Meer nach? M\u00f6chten Sie eine Wohnung zur Miete f\u00fcr ein zus\u00e4tzliches Einkommen? Schauen Sie sich unser Angebot an Wohnungen an!\t\t\t\t\t\t\t\t<\/div>\n\t\t\t\t<\/div>\n\t\t\t\t\t<\/div>\n\t\t<\/div>\n\t\t\t\t\t<\/div>\n\t\t<\/section>\n\t\t\t\t<section class=\"elementor-section elementor-top-section elementor-element elementor-element-50a49bbd elementor-section-boxed elementor-section-height-default elementor-section-height-default\" data-id=\"50a49bbd\" data-element_type=\"section\" id=\"novo\">\n\t\t\t\t\t\t<div class=\"elementor-container elementor-column-gap-no\">\n\t\t\t\t\t<div class=\"elementor-column elementor-col-100 elementor-top-column elementor-element elementor-element-5fb33137\" data-id=\"5fb33137\" data-element_type=\"column\">\n\t\t\t<div class=\"elementor-widget-wrap elementor-element-populated\">\n\t\t\t\t\t\t<div class=\"elementor-element elementor-element-3ed427e2 elementor-widget-divider--view-line_text elementor-widget-divider--element-align-left animated-slow elementor-invisible elementor-widget elementor-widget-divider\" data-id=\"3ed427e2\" data-element_type=\"widget\" data-settings=\"{&quot;_animation&quot;:&quot;fadeInLeft&quot;}\" data-widget_type=\"divider.default\">\n\t\t\t\t<div class=\"elementor-widget-container\">\n\t\t\t\t\t\t\t<div class=\"elementor-divider\">\n\t\t\t<span class=\"elementor-divider-separator\">\n\t\t\t\t\t\t\t<span class=\"elementor-divider__text elementor-divider__element\">\n\t\t\t\tUnsere Wohnungen\t\t\t\t<\/span>\n\t\t\t\t\t\t<\/span>\n\t\t<\/div>\n\t\t\t\t\t\t<\/div>\n\t\t\t\t<\/div>\n\t\t\t\t<section class=\"elementor-section elementor-inner-section elementor-element elementor-element-5c873ba9 elementor-section-boxed elementor-section-height-default elementor-section-height-default\" data-id=\"5c873ba9\" data-element_type=\"section\">\n\t\t\t\t\t\t<div class=\"elementor-container elementor-column-gap-default\">\n\t\t\t\t\t<div class=\"elementor-column elementor-col-25 elementor-inner-column elementor-element elementor-element-118b9fac animated-slow elementor-invisible\" data-id=\"118b9fac\" data-element_type=\"column\" data-settings=\"{&quot;animation&quot;:&quot;fadeInUp&quot;,&quot;animation_delay&quot;:200}\">\n\t\t\t<div class=\"elementor-widget-wrap elementor-element-populated\">\n\t\t\t\t\t\t<div class=\"elementor-element elementor-element-93d62ea elementor-widget elementor-widget-image\" data-id=\"93d62ea\" data-element_type=\"widget\" data-widget_type=\"image.default\">\n\t\t\t\t<div class=\"elementor-widget-container\">\n\t\t\t\t\t\t\t\t\t\t\t\t\t\t\t<img fetchpriority=\"high\" decoding=\"async\" width=\"800\" height=\"533\" src=\"https:\/\/www.lac.hr\/wp-content\/uploads\/2024\/06\/agava.jpg\" class=\"attachment-large size-large wp-image-3864\" alt=\"\" srcset=\"https:\/\/www.lac.hr\/wp-content\/uploads\/2024\/06\/agava.jpg 1024w, https:\/\/www.lac.hr\/wp-content\/uploads\/2024\/06\/agava-300x200.jpg 300w, https:\/\/www.lac.hr\/wp-content\/uploads\/2024\/06\/agava-768x512.jpg 768w\" sizes=\"(max-width: 800px) 100vw, 800px\" \/>\t\t\t\t\t\t\t\t\t\t\t\t\t\t\t<\/div>\n\t\t\t\t<\/div>\n\t\t\t\t<div class=\"elementor-element elementor-element-9627b6c elementor-widget elementor-widget-heading\" data-id=\"9627b6c\" data-element_type=\"widget\" data-widget_type=\"heading.default\">\n\t\t\t\t<div class=\"elementor-widget-container\">\n\t\t\t\t\t<h3 class=\"elementor-heading-title elementor-size-default\">Agava Wohnungen<\/h3>\t\t\t\t<\/div>\n\t\t\t\t<\/div>\n\t\t\t\t<div class=\"elementor-element elementor-element-eff8c7d elementor-align-center elementor-widget elementor-widget-button\" data-id=\"eff8c7d\" data-element_type=\"widget\" data-widget_type=\"button.default\">\n\t\t\t\t<div class=\"elementor-widget-container\">\n\t\t\t\t\t\t\t\t\t<div class=\"elementor-button-wrapper\">\n\t\t\t\t\t<a class=\"elementor-button elementor-button-link elementor-size-sm\" href=\"https:\/\/www.lac.hr\/de\/agava\/\">\n\t\t\t\t\t\t<span class=\"elementor-button-content-wrapper\">\n\t\t\t\t\t\t\t\t\t<span class=\"elementor-button-text\">SEHEN SIE SICH DAS OBJEKT AN<\/span>\n\t\t\t\t\t<\/span>\n\t\t\t\t\t<\/a>\n\t\t\t\t<\/div>\n\t\t\t\t\t\t\t\t<\/div>\n\t\t\t\t<\/div>\n\t\t\t\t\t<\/div>\n\t\t<\/div>\n\t\t\t\t<div class=\"elementor-column elementor-col-25 elementor-inner-column elementor-element elementor-element-a58adb0 animated-slow elementor-invisible\" data-id=\"a58adb0\" data-element_type=\"column\" data-settings=\"{&quot;animation&quot;:&quot;fadeInUp&quot;,&quot;animation_delay&quot;:400}\">\n\t\t\t<div class=\"elementor-widget-wrap elementor-element-populated\">\n\t\t\t\t\t\t<div class=\"elementor-element elementor-element-fff0ae3 elementor-widget elementor-widget-image\" data-id=\"fff0ae3\" data-element_type=\"widget\" data-widget_type=\"image.default\">\n\t\t\t\t<div class=\"elementor-widget-container\">\n\t\t\t\t\t\t\t\t\t\t\t\t\t\t\t<img decoding=\"async\" width=\"800\" height=\"533\" src=\"https:\/\/www.lac.hr\/wp-content\/uploads\/2023\/07\/suk5-111-1024x682.jpg\" class=\"attachment-large size-large wp-image-3390\" alt=\"\" srcset=\"https:\/\/www.lac.hr\/wp-content\/uploads\/2023\/07\/suk5-111-1024x682.jpg 1024w, https:\/\/www.lac.hr\/wp-content\/uploads\/2023\/07\/suk5-111-300x200.jpg 300w, https:\/\/www.lac.hr\/wp-content\/uploads\/2023\/07\/suk5-111-768x512.jpg 768w, https:\/\/www.lac.hr\/wp-content\/uploads\/2023\/07\/suk5-111.jpg 1280w\" sizes=\"(max-width: 800px) 100vw, 800px\" \/>\t\t\t\t\t\t\t\t\t\t\t\t\t\t\t<\/div>\n\t\t\t\t<\/div>\n\t\t\t\t<div class=\"elementor-element elementor-element-f976374 elementor-widget elementor-widget-heading\" data-id=\"f976374\" data-element_type=\"widget\" data-widget_type=\"heading.default\">\n\t\t\t\t<div class=\"elementor-widget-container\">\n\t\t\t\t\t<h3 class=\"elementor-heading-title elementor-size-default\">SUK 5 Wohnungen<\/h3>\t\t\t\t<\/div>\n\t\t\t\t<\/div>\n\t\t\t\t<div class=\"elementor-element elementor-element-40a6b08 elementor-align-center elementor-widget elementor-widget-button\" data-id=\"40a6b08\" data-element_type=\"widget\" data-widget_type=\"button.default\">\n\t\t\t\t<div class=\"elementor-widget-container\">\n\t\t\t\t\t\t\t\t\t<div class=\"elementor-button-wrapper\">\n\t\t\t\t\t<a class=\"elementor-button elementor-button-link elementor-size-sm\" href=\"https:\/\/www.lac.hr\/de\/suk-5\/\">\n\t\t\t\t\t\t<span class=\"elementor-button-content-wrapper\">\n\t\t\t\t\t\t\t\t\t<span class=\"elementor-button-text\">SEHEN SIE SICH DAS OBJEKT AN<\/span>\n\t\t\t\t\t<\/span>\n\t\t\t\t\t<\/a>\n\t\t\t\t<\/div>\n\t\t\t\t\t\t\t\t<\/div>\n\t\t\t\t<\/div>\n\t\t\t\t\t<\/div>\n\t\t<\/div>\n\t\t\t\t<div class=\"elementor-column elementor-col-25 elementor-inner-column elementor-element elementor-element-6746340 animated-slow elementor-invisible\" data-id=\"6746340\" data-element_type=\"column\" data-settings=\"{&quot;animation&quot;:&quot;fadeInUp&quot;,&quot;animation_delay&quot;:600}\">\n\t\t\t<div class=\"elementor-widget-wrap elementor-element-populated\">\n\t\t\t\t\t\t<div class=\"elementor-element elementor-element-75353f41 elementor-widget elementor-widget-image\" data-id=\"75353f41\" data-element_type=\"widget\" data-widget_type=\"image.default\">\n\t\t\t\t<div class=\"elementor-widget-container\">\n\t\t\t\t\t\t\t\t\t\t\t\t\t\t\t<img decoding=\"async\" width=\"800\" height=\"533\" src=\"https:\/\/www.lac.hr\/wp-content\/uploads\/2025\/07\/barbir.jpg\" class=\"attachment-large size-large wp-image-4216\" alt=\"\" srcset=\"https:\/\/www.lac.hr\/wp-content\/uploads\/2025\/07\/barbir.jpg 1024w, https:\/\/www.lac.hr\/wp-content\/uploads\/2025\/07\/barbir-300x200.jpg 300w, https:\/\/www.lac.hr\/wp-content\/uploads\/2025\/07\/barbir-768x512.jpg 768w\" sizes=\"(max-width: 800px) 100vw, 800px\" \/>\t\t\t\t\t\t\t\t\t\t\t\t\t\t\t<\/div>\n\t\t\t\t<\/div>\n\t\t\t\t<div class=\"elementor-element elementor-element-3c2ccc67 elementor-widget elementor-widget-heading\" data-id=\"3c2ccc67\" data-element_type=\"widget\" data-widget_type=\"heading.default\">\n\t\t\t\t<div class=\"elementor-widget-container\">\n\t\t\t\t\t<h3 class=\"elementor-heading-title elementor-size-default\">Penthouse Barbir<\/h3>\t\t\t\t<\/div>\n\t\t\t\t<\/div>\n\t\t\t\t<div class=\"elementor-element elementor-element-726e176 elementor-align-center elementor-widget elementor-widget-button\" data-id=\"726e176\" data-element_type=\"widget\" data-widget_type=\"button.default\">\n\t\t\t\t<div class=\"elementor-widget-container\">\n\t\t\t\t\t\t\t\t\t<div class=\"elementor-button-wrapper\">\n\t\t\t\t\t<a class=\"elementor-button elementor-button-link elementor-size-sm\" href=\"https:\/\/www.lac.hr\/de\/penthouse-barbir\/\">\n\t\t\t\t\t\t<span class=\"elementor-button-content-wrapper\">\n\t\t\t\t\t\t\t\t\t<span class=\"elementor-button-text\">SEHEN SIE SICH DAS OBJEKT AN<\/span>\n\t\t\t\t\t<\/span>\n\t\t\t\t\t<\/a>\n\t\t\t\t<\/div>\n\t\t\t\t\t\t\t\t<\/div>\n\t\t\t\t<\/div>\n\t\t\t\t\t<\/div>\n\t\t<\/div>\n\t\t\t\t<div class=\"elementor-column elementor-col-25 elementor-inner-column elementor-element elementor-element-605ae13d animated-slow elementor-invisible\" data-id=\"605ae13d\" data-element_type=\"column\" data-settings=\"{&quot;animation&quot;:&quot;fadeInUp&quot;,&quot;animation_delay&quot;:800}\">\n\t\t\t<div class=\"elementor-widget-wrap\">\n\t\t\t\t\t\t\t<\/div>\n\t\t<\/div>\n\t\t\t\t\t<\/div>\n\t\t<\/section>\n\t\t\t\t\t<\/div>\n\t\t<\/div>\n\t\t\t\t\t<\/div>\n\t\t<\/section>\n\t\t\t\t<\/div>\n\t\t","protected":false},"excerpt":{"rendered":"<p>Angebot SIEHE LISTE DER WOHNUNGEN Denken Sie \u00fcber Ihr Luxusapartment am Meer nach? M\u00f6chten Sie eine Wohnung zur Miete f\u00fcr ein zus\u00e4tzliches Einkommen? Schauen Sie sich unser Angebot an Wohnungen an! Angebot Sehen Sie sich die Liste unserer neuen Wohnungen an Denken Sie \u00fcber Ihr Luxusapartment am Meer nach? M\u00f6chten Sie eine Wohnung zur Miete [&hellip;]<\/p>\n","protected":false},"author":1,"featured_media":0,"parent":0,"menu_order":0,"comment_status":"closed","ping_status":"closed","template":"elementor_header_footer","meta":{"footnotes":""},"class_list":["post-3063","page","type-page","status-publish","hentry"],"yoast_head":"<!-- This site is optimized with the Yoast SEO Premium plugin v20.5 (Yoast SEO v27.3) - https:\/\/yoast.com\/product\/yoast-seo-premium-wordpress\/ -->\n<title>Luxury Apartments Croatia<\/title>\n<meta name=\"robots\" content=\"index, follow, max-snippet:-1, max-image-preview:large, max-video-preview:-1\" \/>\n<link rel=\"canonical\" href=\"https:\/\/www.lac.hr\/apartmani\/\" \/>\n<meta property=\"og:locale\" content=\"de_DE\" \/>\n<meta property=\"og:type\" content=\"article\" \/>\n<meta property=\"og:title\" content=\"Wohnungen\" \/>\n<meta property=\"og:description\" content=\"Angebot SIEHE LISTE DER WOHNUNGEN Denken Sie \u00fcber Ihr Luxusapartment am Meer nach? M\u00f6chten Sie eine Wohnung zur Miete f\u00fcr ein zus\u00e4tzliches Einkommen? Schauen Sie sich unser Angebot an Wohnungen an! Angebot Sehen Sie sich die Liste unserer neuen Wohnungen an Denken Sie \u00fcber Ihr Luxusapartment am Meer nach? M\u00f6chten Sie eine Wohnung zur Miete [&hellip;]\" \/>\n<meta property=\"og:url\" content=\"https:\/\/www.lac.hr\/apartmani\/\" \/>\n<meta property=\"og:site_name\" content=\"Luxury Apartments Croatia\" \/>\n<meta property=\"article:modified_time\" content=\"2025-07-28T20:45:31+00:00\" \/>\n<meta property=\"og:image\" content=\"https:\/\/www.lac.hr\/wp-content\/uploads\/2024\/06\/agava.jpg\" \/>\n\t<meta property=\"og:image:width\" content=\"1024\" \/>\n\t<meta property=\"og:image:height\" content=\"682\" \/>\n\t<meta property=\"og:image:type\" content=\"image\/jpeg\" \/>\n<meta name=\"twitter:card\" content=\"summary_large_image\" \/>\n<meta name=\"twitter:label1\" content=\"Gesch\u00e4tzte Lesezeit\" \/>\n\t<meta name=\"twitter:data1\" content=\"2\u00a0Minuten\" \/>\n<script type=\"application\/ld+json\" class=\"yoast-schema-graph\">{\"@context\":\"https:\\\/\\\/schema.org\",\"@graph\":[{\"@type\":\"WebPage\",\"@id\":\"https:\\\/\\\/www.lac.hr\\\/apartmani\\\/\",\"url\":\"https:\\\/\\\/www.lac.hr\\\/apartmani\\\/\",\"name\":\"Luxury Apartments Croatia\",\"isPartOf\":{\"@id\":\"https:\\\/\\\/www.lac.hr\\\/#website\"},\"primaryImageOfPage\":{\"@id\":\"https:\\\/\\\/www.lac.hr\\\/apartmani\\\/#primaryimage\"},\"image\":{\"@id\":\"https:\\\/\\\/www.lac.hr\\\/apartmani\\\/#primaryimage\"},\"thumbnailUrl\":\"https:\\\/\\\/www.lac.hr\\\/wp-content\\\/uploads\\\/2024\\\/06\\\/agava.jpg\",\"datePublished\":\"2023-05-29T08:35:19+00:00\",\"dateModified\":\"2025-07-28T20:45:31+00:00\",\"breadcrumb\":{\"@id\":\"https:\\\/\\\/www.lac.hr\\\/apartmani\\\/#breadcrumb\"},\"inLanguage\":\"de\",\"potentialAction\":[{\"@type\":\"ReadAction\",\"target\":[\"https:\\\/\\\/www.lac.hr\\\/apartmani\\\/\"]}]},{\"@type\":\"ImageObject\",\"inLanguage\":\"de\",\"@id\":\"https:\\\/\\\/www.lac.hr\\\/apartmani\\\/#primaryimage\",\"url\":\"https:\\\/\\\/www.lac.hr\\\/wp-content\\\/uploads\\\/2024\\\/06\\\/agava.jpg\",\"contentUrl\":\"https:\\\/\\\/www.lac.hr\\\/wp-content\\\/uploads\\\/2024\\\/06\\\/agava.jpg\"},{\"@type\":\"BreadcrumbList\",\"@id\":\"https:\\\/\\\/www.lac.hr\\\/apartmani\\\/#breadcrumb\",\"itemListElement\":[{\"@type\":\"ListItem\",\"position\":1,\"name\":\"Po\u010detna stranica\",\"item\":\"https:\\\/\\\/www.lac.hr\\\/\"},{\"@type\":\"ListItem\",\"position\":2,\"name\":\"Wohnungen\"}]},{\"@type\":\"WebSite\",\"@id\":\"https:\\\/\\\/www.lac.hr\\\/#website\",\"url\":\"https:\\\/\\\/www.lac.hr\\\/\",\"name\":\"Luxury Apartments Croatia\",\"description\":\"\",\"publisher\":{\"@id\":\"https:\\\/\\\/www.lac.hr\\\/#organization\"},\"potentialAction\":[{\"@type\":\"SearchAction\",\"target\":{\"@type\":\"EntryPoint\",\"urlTemplate\":\"https:\\\/\\\/www.lac.hr\\\/?s={search_term_string}\"},\"query-input\":{\"@type\":\"PropertyValueSpecification\",\"valueRequired\":true,\"valueName\":\"search_term_string\"}}],\"inLanguage\":\"de\"},{\"@type\":\"Organization\",\"@id\":\"https:\\\/\\\/www.lac.hr\\\/#organization\",\"name\":\"Luxury Apartments Croatia\",\"url\":\"https:\\\/\\\/www.lac.hr\\\/\",\"logo\":{\"@type\":\"ImageObject\",\"inLanguage\":\"de\",\"@id\":\"https:\\\/\\\/www.lac.hr\\\/#\\\/schema\\\/logo\\\/image\\\/\",\"url\":\"https:\\\/\\\/www.lac.hr\\\/wp-content\\\/uploads\\\/2023\\\/03\\\/logo-u-boji.png\",\"contentUrl\":\"https:\\\/\\\/www.lac.hr\\\/wp-content\\\/uploads\\\/2023\\\/03\\\/logo-u-boji.png\",\"width\":974,\"height\":295,\"caption\":\"Luxury Apartments Croatia\"},\"image\":{\"@id\":\"https:\\\/\\\/www.lac.hr\\\/#\\\/schema\\\/logo\\\/image\\\/\"}}]}<\/script>\n<!-- \/ Yoast SEO Premium plugin. -->","yoast_head_json":{"title":"Luxury Apartments Croatia","robots":{"index":"index","follow":"follow","max-snippet":"max-snippet:-1","max-image-preview":"max-image-preview:large","max-video-preview":"max-video-preview:-1"},"canonical":"https:\/\/www.lac.hr\/apartmani\/","og_locale":"de_DE","og_type":"article","og_title":"Wohnungen","og_description":"Angebot SIEHE LISTE DER WOHNUNGEN Denken Sie \u00fcber Ihr Luxusapartment am Meer nach? M\u00f6chten Sie eine Wohnung zur Miete f\u00fcr ein zus\u00e4tzliches Einkommen? Schauen Sie sich unser Angebot an Wohnungen an! Angebot Sehen Sie sich die Liste unserer neuen Wohnungen an Denken Sie \u00fcber Ihr Luxusapartment am Meer nach? M\u00f6chten Sie eine Wohnung zur Miete [&hellip;]","og_url":"https:\/\/www.lac.hr\/apartmani\/","og_site_name":"Luxury Apartments Croatia","article_modified_time":"2025-07-28T20:45:31+00:00","og_image":[{"width":1024,"height":682,"url":"https:\/\/www.lac.hr\/wp-content\/uploads\/2024\/06\/agava.jpg","type":"image\/jpeg"}],"twitter_card":"summary_large_image","twitter_misc":{"Gesch\u00e4tzte Lesezeit":"2\u00a0Minuten"},"schema":{"@context":"https:\/\/schema.org","@graph":[{"@type":"WebPage","@id":"https:\/\/www.lac.hr\/apartmani\/","url":"https:\/\/www.lac.hr\/apartmani\/","name":"Luxury Apartments Croatia","isPartOf":{"@id":"https:\/\/www.lac.hr\/#website"},"primaryImageOfPage":{"@id":"https:\/\/www.lac.hr\/apartmani\/#primaryimage"},"image":{"@id":"https:\/\/www.lac.hr\/apartmani\/#primaryimage"},"thumbnailUrl":"https:\/\/www.lac.hr\/wp-content\/uploads\/2024\/06\/agava.jpg","datePublished":"2023-05-29T08:35:19+00:00","dateModified":"2025-07-28T20:45:31+00:00","breadcrumb":{"@id":"https:\/\/www.lac.hr\/apartmani\/#breadcrumb"},"inLanguage":"de","potentialAction":[{"@type":"ReadAction","target":["https:\/\/www.lac.hr\/apartmani\/"]}]},{"@type":"ImageObject","inLanguage":"de","@id":"https:\/\/www.lac.hr\/apartmani\/#primaryimage","url":"https:\/\/www.lac.hr\/wp-content\/uploads\/2024\/06\/agava.jpg","contentUrl":"https:\/\/www.lac.hr\/wp-content\/uploads\/2024\/06\/agava.jpg"},{"@type":"BreadcrumbList","@id":"https:\/\/www.lac.hr\/apartmani\/#breadcrumb","itemListElement":[{"@type":"ListItem","position":1,"name":"Po\u010detna stranica","item":"https:\/\/www.lac.hr\/"},{"@type":"ListItem","position":2,"name":"Wohnungen"}]},{"@type":"WebSite","@id":"https:\/\/www.lac.hr\/#website","url":"https:\/\/www.lac.hr\/","name":"Luxury Apartments Croatia","description":"","publisher":{"@id":"https:\/\/www.lac.hr\/#organization"},"potentialAction":[{"@type":"SearchAction","target":{"@type":"EntryPoint","urlTemplate":"https:\/\/www.lac.hr\/?s={search_term_string}"},"query-input":{"@type":"PropertyValueSpecification","valueRequired":true,"valueName":"search_term_string"}}],"inLanguage":"de"},{"@type":"Organization","@id":"https:\/\/www.lac.hr\/#organization","name":"Luxury Apartments Croatia","url":"https:\/\/www.lac.hr\/","logo":{"@type":"ImageObject","inLanguage":"de","@id":"https:\/\/www.lac.hr\/#\/schema\/logo\/image\/","url":"https:\/\/www.lac.hr\/wp-content\/uploads\/2023\/03\/logo-u-boji.png","contentUrl":"https:\/\/www.lac.hr\/wp-content\/uploads\/2023\/03\/logo-u-boji.png","width":974,"height":295,"caption":"Luxury Apartments Croatia"},"image":{"@id":"https:\/\/www.lac.hr\/#\/schema\/logo\/image\/"}}]}},"jetpack_sharing_enabled":true,"_links":{"self":[{"href":"https:\/\/www.lac.hr\/de\/wp-json\/wp\/v2\/pages\/3063","targetHints":{"allow":["GET"]}}],"collection":[{"href":"https:\/\/www.lac.hr\/de\/wp-json\/wp\/v2\/pages"}],"about":[{"href":"https:\/\/www.lac.hr\/de\/wp-json\/wp\/v2\/types\/page"}],"author":[{"embeddable":true,"href":"https:\/\/www.lac.hr\/de\/wp-json\/wp\/v2\/users\/1"}],"replies":[{"embeddable":true,"href":"https:\/\/www.lac.hr\/de\/wp-json\/wp\/v2\/comments?post=3063"}],"version-history":[{"count":35,"href":"https:\/\/www.lac.hr\/de\/wp-json\/wp\/v2\/pages\/3063\/revisions"}],"predecessor-version":[{"id":4234,"href":"https:\/\/www.lac.hr\/de\/wp-json\/wp\/v2\/pages\/3063\/revisions\/4234"}],"wp:attachment":[{"href":"https:\/\/www.lac.hr\/de\/wp-json\/wp\/v2\/media?parent=3063"}],"curies":[{"name":"wp","href":"https:\/\/api.w.org\/{rel}","templated":true}]}}