{"id":3052,"date":"2023-05-29T10:33:39","date_gmt":"2023-05-29T08:33:39","guid":{"rendered":"https:\/\/www.lac.hr\/?page_id=3052"},"modified":"2023-05-29T11:04:48","modified_gmt":"2023-05-29T09:04:48","slug":"sukosan","status":"publish","type":"page","link":"https:\/\/www.lac.hr\/de\/sukosan\/","title":{"rendered":"Suko\u0161an"},"content":{"rendered":"\t\t<div data-elementor-type=\"wp-page\" data-elementor-id=\"3052\" class=\"elementor elementor-3052 elementor-649\" data-elementor-post-type=\"page\">\n\t\t\t\t\t\t<section class=\"elementor-section elementor-top-section elementor-element elementor-element-261c6a05 elementor-section-height-min-height animated-slow elementor-section-full_width elementor-section-items-bottom elementor-hidden-tablet elementor-hidden-mobile elementor-section-height-default elementor-invisible\" data-id=\"261c6a05\" data-element_type=\"section\" data-settings=\"{&quot;background_background&quot;:&quot;classic&quot;,&quot;animation&quot;:&quot;fadeIn&quot;}\">\n\t\t\t\t\t\t\t<div class=\"elementor-background-overlay\"><\/div>\n\t\t\t\t\t\t\t<div class=\"elementor-container elementor-column-gap-default\">\n\t\t\t\t\t<div class=\"elementor-column elementor-col-50 elementor-top-column elementor-element elementor-element-384518e0 animated-slow elementor-invisible\" data-id=\"384518e0\" data-element_type=\"column\" data-settings=\"{&quot;background_background&quot;:&quot;classic&quot;,&quot;animation&quot;:&quot;fadeInLeft&quot;}\">\n\t\t\t<div class=\"elementor-widget-wrap elementor-element-populated\">\n\t\t\t\t\t<div class=\"elementor-background-overlay\"><\/div>\n\t\t\t\t\t\t<div class=\"elementor-element elementor-element-6a0292b elementor-widget-divider--view-line_text elementor-widget-divider--element-align-left elementor-widget elementor-widget-divider\" data-id=\"6a0292b\" data-element_type=\"widget\" data-widget_type=\"divider.default\">\n\t\t\t\t<div class=\"elementor-widget-container\">\n\t\t\t\t\t\t\t<div class=\"elementor-divider\">\n\t\t\t<span class=\"elementor-divider-separator\">\n\t\t\t\t\t\t\t<span class=\"elementor-divider__text elementor-divider__element\">\n\t\t\t\tStandort\t\t\t\t<\/span>\n\t\t\t\t\t\t<\/span>\n\t\t<\/div>\n\t\t\t\t\t\t<\/div>\n\t\t\t\t<\/div>\n\t\t\t\t<div class=\"elementor-element elementor-element-6b10761f animated-slow elementor-invisible elementor-widget elementor-widget-heading\" data-id=\"6b10761f\" data-element_type=\"widget\" data-settings=\"{&quot;_animation&quot;:&quot;fadeIn&quot;,&quot;_animation_delay&quot;:600}\" data-widget_type=\"heading.default\">\n\t\t\t\t<div class=\"elementor-widget-container\">\n\t\t\t\t\t<h1 class=\"elementor-heading-title elementor-size-default\">Suko\u0161an<\/h1>\t\t\t\t<\/div>\n\t\t\t\t<\/div>\n\t\t\t\t<div class=\"elementor-element elementor-element-7ab234e4 elementor-widget elementor-widget-text-editor\" data-id=\"7ab234e4\" data-element_type=\"widget\" data-widget_type=\"text-editor.default\">\n\t\t\t\t<div class=\"elementor-widget-container\">\n\t\t\t\t\t\t\t\t\tM\u00f6chten Sie mehr \u00fcber den Standort erfahren? Wo liegt Suko\u0161an und was ist in der N\u00e4he? Welche Verbindung besteht zu Suko\u0161an und anderen Informationen? Wir geben Ihnen Antworten auf Ihre Fragen!\t\t\t\t\t\t\t\t<\/div>\n\t\t\t\t<\/div>\n\t\t\t\t\t<\/div>\n\t\t<\/div>\n\t\t\t\t<div class=\"elementor-column elementor-col-50 elementor-top-column elementor-element elementor-element-7e2dea28 elementor-hidden-tablet elementor-hidden-mobile\" data-id=\"7e2dea28\" data-element_type=\"column\">\n\t\t\t<div class=\"elementor-widget-wrap\">\n\t\t\t\t\t<div class=\"elementor-background-overlay\"><\/div>\n\t\t\t\t\t\t\t<\/div>\n\t\t<\/div>\n\t\t\t\t\t<\/div>\n\t\t<\/section>\n\t\t\t\t<section class=\"elementor-section elementor-top-section elementor-element elementor-element-3154c721 elementor-section-height-min-height animated-slow elementor-section-full_width elementor-section-items-bottom elementor-hidden-desktop elementor-section-height-default elementor-invisible\" data-id=\"3154c721\" data-element_type=\"section\" data-settings=\"{&quot;background_background&quot;:&quot;classic&quot;,&quot;animation&quot;:&quot;fadeIn&quot;}\">\n\t\t\t\t\t\t\t<div class=\"elementor-background-overlay\"><\/div>\n\t\t\t\t\t\t\t<div class=\"elementor-container elementor-column-gap-default\">\n\t\t\t\t\t<div class=\"elementor-column elementor-col-100 elementor-top-column elementor-element elementor-element-61145d\" data-id=\"61145d\" data-element_type=\"column\">\n\t\t\t<div class=\"elementor-widget-wrap\">\n\t\t\t\t\t<div class=\"elementor-background-overlay\"><\/div>\n\t\t\t\t\t\t\t<\/div>\n\t\t<\/div>\n\t\t\t\t\t<\/div>\n\t\t<\/section>\n\t\t\t\t<section class=\"elementor-section elementor-top-section elementor-element elementor-element-120fa5a6 animated-slow elementor-hidden-desktop elementor-section-boxed elementor-section-height-default elementor-section-height-default elementor-invisible\" data-id=\"120fa5a6\" data-element_type=\"section\" data-settings=\"{&quot;animation&quot;:&quot;fadeInLeft&quot;}\">\n\t\t\t\t\t\t<div class=\"elementor-container elementor-column-gap-default\">\n\t\t\t\t\t<div class=\"elementor-column elementor-col-100 elementor-top-column elementor-element elementor-element-2327c495\" data-id=\"2327c495\" data-element_type=\"column\">\n\t\t\t<div class=\"elementor-widget-wrap elementor-element-populated\">\n\t\t\t\t\t\t<div class=\"elementor-element elementor-element-50720dc1 elementor-widget-divider--view-line_text elementor-widget-divider--element-align-left animated-slow elementor-widget elementor-widget-divider\" data-id=\"50720dc1\" data-element_type=\"widget\" data-settings=\"{&quot;_animation&quot;:&quot;none&quot;,&quot;_animation_tablet&quot;:&quot;none&quot;,&quot;_animation_mobile&quot;:&quot;none&quot;}\" data-widget_type=\"divider.default\">\n\t\t\t\t<div class=\"elementor-widget-container\">\n\t\t\t\t\t\t\t<div class=\"elementor-divider\">\n\t\t\t<span class=\"elementor-divider-separator\">\n\t\t\t\t\t\t\t<span class=\"elementor-divider__text elementor-divider__element\">\n\t\t\t\tStandort\t\t\t\t<\/span>\n\t\t\t\t\t\t<\/span>\n\t\t<\/div>\n\t\t\t\t\t\t<\/div>\n\t\t\t\t<\/div>\n\t\t\t\t<div class=\"elementor-element elementor-element-3605b732 animated-slow elementor-invisible elementor-widget elementor-widget-heading\" data-id=\"3605b732\" data-element_type=\"widget\" data-settings=\"{&quot;_animation&quot;:&quot;fadeIn&quot;,&quot;_animation_delay&quot;:600}\" data-widget_type=\"heading.default\">\n\t\t\t\t<div class=\"elementor-widget-container\">\n\t\t\t\t\t<h1 class=\"elementor-heading-title elementor-size-default\">\u00dcbersicht wichtiger Informationen \u00fcber Suko\u0161an<\/h1>\t\t\t\t<\/div>\n\t\t\t\t<\/div>\n\t\t\t\t<div class=\"elementor-element elementor-element-602e5aea elementor-widget elementor-widget-text-editor\" data-id=\"602e5aea\" data-element_type=\"widget\" data-widget_type=\"text-editor.default\">\n\t\t\t\t<div class=\"elementor-widget-container\">\n\t\t\t\t\t\t\t\t\tM\u00f6chten Sie mehr \u00fcber den Standort erfahren? Wo liegt Suko\u0161an und was ist in der N\u00e4he? Welche Verbindung besteht zu Suko\u0161an und anderen Informationen? Wir geben Ihnen Antworten auf Ihre Fragen!\t\t\t\t\t\t\t\t<\/div>\n\t\t\t\t<\/div>\n\t\t\t\t\t<\/div>\n\t\t<\/div>\n\t\t\t\t\t<\/div>\n\t\t<\/section>\n\t\t\t\t<section class=\"elementor-section elementor-top-section elementor-element elementor-element-637a7fe8 elementor-section-boxed elementor-section-height-default elementor-section-height-default\" data-id=\"637a7fe8\" data-element_type=\"section\">\n\t\t\t\t\t\t<div class=\"elementor-container elementor-column-gap-default\">\n\t\t\t\t\t<div class=\"elementor-column elementor-col-50 elementor-top-column elementor-element elementor-element-1f53e7ad animated-slow elementor-invisible\" data-id=\"1f53e7ad\" data-element_type=\"column\" data-settings=\"{&quot;animation&quot;:&quot;fadeInLeft&quot;}\">\n\t\t\t<div class=\"elementor-widget-wrap elementor-element-populated\">\n\t\t\t\t\t\t<div class=\"elementor-element elementor-element-7c1b2a51 elementor-widget-divider--view-line_text elementor-widget-divider--element-align-left elementor-widget elementor-widget-divider\" data-id=\"7c1b2a51\" data-element_type=\"widget\" data-widget_type=\"divider.default\">\n\t\t\t\t<div class=\"elementor-widget-container\">\n\t\t\t\t\t\t\t<div class=\"elementor-divider\">\n\t\t\t<span class=\"elementor-divider-separator\">\n\t\t\t\t\t\t\t<span class=\"elementor-divider__text elementor-divider__element\">\n\t\t\t\tSaznajte vi\u0161e\t\t\t\t<\/span>\n\t\t\t\t\t\t<\/span>\n\t\t<\/div>\n\t\t\t\t\t\t<\/div>\n\t\t\t\t<\/div>\n\t\t\t\t<div class=\"elementor-element elementor-element-73eac828 elementor-widget elementor-widget-heading\" data-id=\"73eac828\" data-element_type=\"widget\" data-widget_type=\"heading.default\">\n\t\t\t\t<div class=\"elementor-widget-container\">\n\t\t\t\t\t<h2 class=\"elementor-heading-title elementor-size-default\">Suko\u0161an<\/h2>\t\t\t\t<\/div>\n\t\t\t\t<\/div>\n\t\t\t\t<div class=\"elementor-element elementor-element-56cc3e84 elementor-hidden-desktop elementor-hidden-tablet elementor-widget elementor-widget-image\" data-id=\"56cc3e84\" data-element_type=\"widget\" data-widget_type=\"image.default\">\n\t\t\t\t<div class=\"elementor-widget-container\">\n\t\t\t\t\t\t\t\t\t\t\t\t\t\t\t<img fetchpriority=\"high\" decoding=\"async\" width=\"800\" height=\"534\" src=\"https:\/\/www.lac.hr\/wp-content\/uploads\/2023\/04\/sukosan2-1024x683.jpg\" class=\"attachment-large size-large wp-image-1858\" alt=\"\" srcset=\"https:\/\/www.lac.hr\/wp-content\/uploads\/2023\/04\/sukosan2-1024x683.jpg 1024w, https:\/\/www.lac.hr\/wp-content\/uploads\/2023\/04\/sukosan2-300x200.jpg 300w, https:\/\/www.lac.hr\/wp-content\/uploads\/2023\/04\/sukosan2-768x512.jpg 768w, https:\/\/www.lac.hr\/wp-content\/uploads\/2023\/04\/sukosan2-1536x1024.jpg 1536w, https:\/\/www.lac.hr\/wp-content\/uploads\/2023\/04\/sukosan2.jpg 1920w\" sizes=\"(max-width: 800px) 100vw, 800px\" \/>\t\t\t\t\t\t\t\t\t\t\t\t\t\t\t<\/div>\n\t\t\t\t<\/div>\n\t\t\t\t<div class=\"elementor-element elementor-element-755d5e16 elementor-widget elementor-widget-text-editor\" data-id=\"755d5e16\" data-element_type=\"widget\" data-widget_type=\"text-editor.default\">\n\t\t\t\t<div class=\"elementor-widget-container\">\n\t\t\t\t\t\t\t\t\t<p>Suko\u0161an ist ein touristischer Ort in der ger\u00e4umigen Bucht Zlatna luka. Von dem Zentrum der Region und der Perle der adriatischen K\u00fcste, der Stadt Zadar, ist Suko\u0161an nur 12 Kilometer entfernt. Eine Hervorragende Lage, eine zerkl\u00fcftete K\u00fcste und die nahegelegenen Inseln, insbesondere das Kornati Archipel sowie der gr\u00f6\u00dfte Yachthafen an der Adria \u201eD-Marin-Dalmatia\u201c, machen Suko\u0161an zum echten Bootsfahrerparadies.<\/p><p>Dank zahlreicher luxuri\u00f6s eingerichteter Ferienwohnungen und Villen, die nur ein paar Schritte vom Meer entfernt sind, ist Suko\u0161an ein Lieblingsziel sowohl f\u00fcr inl\u00e4ndische als auch f\u00fcr ausl\u00e4ndische G\u00e4ste. Dort findet man auch atemberaubende touristische Angebote sowie eine luxuri\u00f6se gastronomische Erfahrung und Service.<\/p>\t\t\t\t\t\t\t\t<\/div>\n\t\t\t\t<\/div>\n\t\t\t\t\t<\/div>\n\t\t<\/div>\n\t\t\t\t<div class=\"elementor-column elementor-col-50 elementor-top-column elementor-element elementor-element-680445ed animated-slow elementor-hidden-mobile elementor-invisible\" data-id=\"680445ed\" data-element_type=\"column\" data-settings=\"{&quot;animation&quot;:&quot;fadeInRight&quot;}\">\n\t\t\t<div class=\"elementor-widget-wrap elementor-element-populated\">\n\t\t\t\t\t\t<div class=\"elementor-element elementor-element-233e9834 elementor-widget elementor-widget-image\" data-id=\"233e9834\" data-element_type=\"widget\" data-widget_type=\"image.default\">\n\t\t\t\t<div class=\"elementor-widget-container\">\n\t\t\t\t\t\t\t\t\t\t\t\t\t\t\t<img fetchpriority=\"high\" decoding=\"async\" width=\"800\" height=\"534\" src=\"https:\/\/www.lac.hr\/wp-content\/uploads\/2023\/04\/sukosan2-1024x683.jpg\" class=\"attachment-large size-large wp-image-1858\" alt=\"\" srcset=\"https:\/\/www.lac.hr\/wp-content\/uploads\/2023\/04\/sukosan2-1024x683.jpg 1024w, https:\/\/www.lac.hr\/wp-content\/uploads\/2023\/04\/sukosan2-300x200.jpg 300w, https:\/\/www.lac.hr\/wp-content\/uploads\/2023\/04\/sukosan2-768x512.jpg 768w, https:\/\/www.lac.hr\/wp-content\/uploads\/2023\/04\/sukosan2-1536x1024.jpg 1536w, https:\/\/www.lac.hr\/wp-content\/uploads\/2023\/04\/sukosan2.jpg 1920w\" sizes=\"(max-width: 800px) 100vw, 800px\" \/>\t\t\t\t\t\t\t\t\t\t\t\t\t\t\t<\/div>\n\t\t\t\t<\/div>\n\t\t\t\t\t<\/div>\n\t\t<\/div>\n\t\t\t\t\t<\/div>\n\t\t<\/section>\n\t\t\t\t<section class=\"elementor-section elementor-top-section elementor-element elementor-element-3d770e48 elementor-section-boxed elementor-section-height-default elementor-section-height-default\" data-id=\"3d770e48\" data-element_type=\"section\">\n\t\t\t\t\t\t<div class=\"elementor-container elementor-column-gap-default\">\n\t\t\t\t\t<div class=\"elementor-column elementor-col-50 elementor-top-column elementor-element elementor-element-ad4821a animated-slow elementor-invisible\" data-id=\"ad4821a\" data-element_type=\"column\" data-settings=\"{&quot;animation&quot;:&quot;fadeInLeft&quot;}\">\n\t\t\t<div class=\"elementor-widget-wrap elementor-element-populated\">\n\t\t\t\t\t\t<div class=\"elementor-element elementor-element-8d81c07 elementor-widget elementor-widget-image\" data-id=\"8d81c07\" data-element_type=\"widget\" data-widget_type=\"image.default\">\n\t\t\t\t<div class=\"elementor-widget-container\">\n\t\t\t\t\t\t\t\t\t\t\t\t\t\t\t<img decoding=\"async\" width=\"800\" height=\"533\" src=\"https:\/\/www.lac.hr\/wp-content\/uploads\/2023\/04\/sukosan1-1024x682.jpg\" class=\"attachment-large size-large wp-image-1857\" alt=\"\" srcset=\"https:\/\/www.lac.hr\/wp-content\/uploads\/2023\/04\/sukosan1-1024x682.jpg 1024w, https:\/\/www.lac.hr\/wp-content\/uploads\/2023\/04\/sukosan1-300x200.jpg 300w, https:\/\/www.lac.hr\/wp-content\/uploads\/2023\/04\/sukosan1-768x512.jpg 768w, https:\/\/www.lac.hr\/wp-content\/uploads\/2023\/04\/sukosan1-1536x1023.jpg 1536w, https:\/\/www.lac.hr\/wp-content\/uploads\/2023\/04\/sukosan1.jpg 1920w\" sizes=\"(max-width: 800px) 100vw, 800px\" \/>\t\t\t\t\t\t\t\t\t\t\t\t\t\t\t<\/div>\n\t\t\t\t<\/div>\n\t\t\t\t\t<\/div>\n\t\t<\/div>\n\t\t\t\t<div class=\"elementor-column elementor-col-50 elementor-top-column elementor-element elementor-element-a17698 animated-slow elementor-invisible\" data-id=\"a17698\" data-element_type=\"column\" data-settings=\"{&quot;animation&quot;:&quot;fadeInRight&quot;}\">\n\t\t\t<div class=\"elementor-widget-wrap elementor-element-populated\">\n\t\t\t\t\t\t<div class=\"elementor-element elementor-element-3db8bcd elementor-widget elementor-widget-text-editor\" data-id=\"3db8bcd\" data-element_type=\"widget\" data-widget_type=\"text-editor.default\">\n\t\t\t\t<div class=\"elementor-widget-container\">\n\t\t\t\t\t\t\t\t\t<p>Suko\u0161an verf\u00fcgt \u00fcber eine hervorragende Verkehrsanbindung. Wenn Sie die Autobahn A1 verlassen, sind Sie nur 10 km vom Zentrum von Suko\u0161an entfernt.<\/p><p>Der Flughafen Zadar ist durch kommerzielle Fl\u00fcge mit zahlreichen europ\u00e4ischen Zielen verbunden. Wenn Sie Eigent\u00fcmer einer Yacht sind, k\u00f6nnen Sie diese in einem der gr\u00f6\u00dften und beliebtesten Yachth\u00e4fen in Kroatien und der Adria festmachen, der etwa 2 km von den Einrichtungen entfernt liegt .<\/p><p>Wenn Sie einen Ausflug machen oder Spa\u00df haben m\u00f6chten, gibt es neben Zadar und Biograd na Moru auch andere ber\u00fchmte Orte: \u0160ibenik (Festung des Heiligen Nikolaus), Split (Diokletianpalast), Murter, Pako\u0161tane, Pag (Zr\u0107e), 4 Nationalparks, zahlreiche Naturparks und andere Orte voller nat\u00fcrlicher Sch\u00f6nheit und Sehensw\u00fcrdigkeiten. (Kornati, Krka, Paklenica, Tela\u0161\u0107ica, Vrana-See, Velebit).<\/p><p>Mehr \u00fcber den Ort und die Veranstaltungen erfahren Sie <a href=\"https:\/\/www.sukosan.hr\/de\" target=\"_blank\" rel=\"noopener\">hier<\/a>.<\/p>\t\t\t\t\t\t\t\t<\/div>\n\t\t\t\t<\/div>\n\t\t\t\t\t<\/div>\n\t\t<\/div>\n\t\t\t\t\t<\/div>\n\t\t<\/section>\n\t\t\t\t<\/div>\n\t\t","protected":false},"excerpt":{"rendered":"<p>Standort Suko\u0161an M\u00f6chten Sie mehr \u00fcber den Standort erfahren? Wo liegt Suko\u0161an und was ist in der N\u00e4he? Welche Verbindung besteht zu Suko\u0161an und anderen Informationen? Wir geben Ihnen Antworten auf Ihre Fragen! Standort \u00dcbersicht wichtiger Informationen \u00fcber Suko\u0161an M\u00f6chten Sie mehr \u00fcber den Standort erfahren? Wo liegt Suko\u0161an und was ist in der N\u00e4he? [&hellip;]<\/p>\n","protected":false},"author":1,"featured_media":0,"parent":0,"menu_order":0,"comment_status":"closed","ping_status":"closed","template":"elementor_header_footer","meta":{"footnotes":""},"class_list":["post-3052","page","type-page","status-publish","hentry"],"yoast_head":"<!-- This site is optimized with the Yoast SEO Premium plugin v20.5 (Yoast SEO v27.3) - https:\/\/yoast.com\/product\/yoast-seo-premium-wordpress\/ -->\n<title>Luxury Apartments Croatia<\/title>\n<meta name=\"robots\" content=\"index, follow, max-snippet:-1, max-image-preview:large, max-video-preview:-1\" \/>\n<link rel=\"canonical\" href=\"https:\/\/www.lac.hr\/de\/sukosan\/\" \/>\n<meta property=\"og:locale\" content=\"de_DE\" \/>\n<meta property=\"og:type\" content=\"article\" \/>\n<meta property=\"og:title\" content=\"Suko\u0161an\" \/>\n<meta property=\"og:description\" content=\"Standort Suko\u0161an M\u00f6chten Sie mehr \u00fcber den Standort erfahren? Wo liegt Suko\u0161an und was ist in der N\u00e4he? Welche Verbindung besteht zu Suko\u0161an und anderen Informationen? Wir geben Ihnen Antworten auf Ihre Fragen! Standort \u00dcbersicht wichtiger Informationen \u00fcber Suko\u0161an M\u00f6chten Sie mehr \u00fcber den Standort erfahren? Wo liegt Suko\u0161an und was ist in der N\u00e4he? [&hellip;]\" \/>\n<meta property=\"og:url\" content=\"https:\/\/www.lac.hr\/de\/sukosan\/\" \/>\n<meta property=\"og:site_name\" content=\"Luxury Apartments Croatia\" \/>\n<meta property=\"article:modified_time\" content=\"2023-05-29T09:04:48+00:00\" \/>\n<meta property=\"og:image\" content=\"https:\/\/www.lac.hr\/wp-content\/uploads\/2023\/04\/sukosan2-1024x683.jpg\" \/>\n<meta name=\"twitter:card\" content=\"summary_large_image\" \/>\n<meta name=\"twitter:label1\" content=\"Gesch\u00e4tzte Lesezeit\" \/>\n\t<meta name=\"twitter:data1\" content=\"3\u00a0Minuten\" \/>\n<script type=\"application\/ld+json\" class=\"yoast-schema-graph\">{\"@context\":\"https:\\\/\\\/schema.org\",\"@graph\":[{\"@type\":\"WebPage\",\"@id\":\"https:\\\/\\\/www.lac.hr\\\/de\\\/sukosan\\\/\",\"url\":\"https:\\\/\\\/www.lac.hr\\\/de\\\/sukosan\\\/\",\"name\":\"Luxury Apartments Croatia\",\"isPartOf\":{\"@id\":\"https:\\\/\\\/www.lac.hr\\\/#website\"},\"primaryImageOfPage\":{\"@id\":\"https:\\\/\\\/www.lac.hr\\\/de\\\/sukosan\\\/#primaryimage\"},\"image\":{\"@id\":\"https:\\\/\\\/www.lac.hr\\\/de\\\/sukosan\\\/#primaryimage\"},\"thumbnailUrl\":\"https:\\\/\\\/www.lac.hr\\\/wp-content\\\/uploads\\\/2023\\\/04\\\/sukosan2-1024x683.jpg\",\"datePublished\":\"2023-05-29T08:33:39+00:00\",\"dateModified\":\"2023-05-29T09:04:48+00:00\",\"breadcrumb\":{\"@id\":\"https:\\\/\\\/www.lac.hr\\\/de\\\/sukosan\\\/#breadcrumb\"},\"inLanguage\":\"de\",\"potentialAction\":[{\"@type\":\"ReadAction\",\"target\":[\"https:\\\/\\\/www.lac.hr\\\/de\\\/sukosan\\\/\"]}]},{\"@type\":\"ImageObject\",\"inLanguage\":\"de\",\"@id\":\"https:\\\/\\\/www.lac.hr\\\/de\\\/sukosan\\\/#primaryimage\",\"url\":\"https:\\\/\\\/www.lac.hr\\\/wp-content\\\/uploads\\\/2023\\\/04\\\/sukosan2-1024x683.jpg\",\"contentUrl\":\"https:\\\/\\\/www.lac.hr\\\/wp-content\\\/uploads\\\/2023\\\/04\\\/sukosan2-1024x683.jpg\"},{\"@type\":\"BreadcrumbList\",\"@id\":\"https:\\\/\\\/www.lac.hr\\\/de\\\/sukosan\\\/#breadcrumb\",\"itemListElement\":[{\"@type\":\"ListItem\",\"position\":1,\"name\":\"Po\u010detna stranica\",\"item\":\"https:\\\/\\\/www.lac.hr\\\/\"},{\"@type\":\"ListItem\",\"position\":2,\"name\":\"Suko\u0161an\"}]},{\"@type\":\"WebSite\",\"@id\":\"https:\\\/\\\/www.lac.hr\\\/#website\",\"url\":\"https:\\\/\\\/www.lac.hr\\\/\",\"name\":\"Luxury Apartments Croatia\",\"description\":\"\",\"publisher\":{\"@id\":\"https:\\\/\\\/www.lac.hr\\\/#organization\"},\"potentialAction\":[{\"@type\":\"SearchAction\",\"target\":{\"@type\":\"EntryPoint\",\"urlTemplate\":\"https:\\\/\\\/www.lac.hr\\\/?s={search_term_string}\"},\"query-input\":{\"@type\":\"PropertyValueSpecification\",\"valueRequired\":true,\"valueName\":\"search_term_string\"}}],\"inLanguage\":\"de\"},{\"@type\":\"Organization\",\"@id\":\"https:\\\/\\\/www.lac.hr\\\/#organization\",\"name\":\"Luxury Apartments Croatia\",\"url\":\"https:\\\/\\\/www.lac.hr\\\/\",\"logo\":{\"@type\":\"ImageObject\",\"inLanguage\":\"de\",\"@id\":\"https:\\\/\\\/www.lac.hr\\\/#\\\/schema\\\/logo\\\/image\\\/\",\"url\":\"https:\\\/\\\/www.lac.hr\\\/wp-content\\\/uploads\\\/2023\\\/03\\\/logo-u-boji.png\",\"contentUrl\":\"https:\\\/\\\/www.lac.hr\\\/wp-content\\\/uploads\\\/2023\\\/03\\\/logo-u-boji.png\",\"width\":974,\"height\":295,\"caption\":\"Luxury Apartments Croatia\"},\"image\":{\"@id\":\"https:\\\/\\\/www.lac.hr\\\/#\\\/schema\\\/logo\\\/image\\\/\"}}]}<\/script>\n<!-- \/ Yoast SEO Premium plugin. -->","yoast_head_json":{"title":"Luxury Apartments Croatia","robots":{"index":"index","follow":"follow","max-snippet":"max-snippet:-1","max-image-preview":"max-image-preview:large","max-video-preview":"max-video-preview:-1"},"canonical":"https:\/\/www.lac.hr\/de\/sukosan\/","og_locale":"de_DE","og_type":"article","og_title":"Suko\u0161an","og_description":"Standort Suko\u0161an M\u00f6chten Sie mehr \u00fcber den Standort erfahren? Wo liegt Suko\u0161an und was ist in der N\u00e4he? Welche Verbindung besteht zu Suko\u0161an und anderen Informationen? Wir geben Ihnen Antworten auf Ihre Fragen! Standort \u00dcbersicht wichtiger Informationen \u00fcber Suko\u0161an M\u00f6chten Sie mehr \u00fcber den Standort erfahren? Wo liegt Suko\u0161an und was ist in der N\u00e4he? [&hellip;]","og_url":"https:\/\/www.lac.hr\/de\/sukosan\/","og_site_name":"Luxury Apartments Croatia","article_modified_time":"2023-05-29T09:04:48+00:00","og_image":[{"url":"https:\/\/www.lac.hr\/wp-content\/uploads\/2023\/04\/sukosan2-1024x683.jpg","type":"","width":"","height":""}],"twitter_card":"summary_large_image","twitter_misc":{"Gesch\u00e4tzte Lesezeit":"3\u00a0Minuten"},"schema":{"@context":"https:\/\/schema.org","@graph":[{"@type":"WebPage","@id":"https:\/\/www.lac.hr\/de\/sukosan\/","url":"https:\/\/www.lac.hr\/de\/sukosan\/","name":"Luxury Apartments Croatia","isPartOf":{"@id":"https:\/\/www.lac.hr\/#website"},"primaryImageOfPage":{"@id":"https:\/\/www.lac.hr\/de\/sukosan\/#primaryimage"},"image":{"@id":"https:\/\/www.lac.hr\/de\/sukosan\/#primaryimage"},"thumbnailUrl":"https:\/\/www.lac.hr\/wp-content\/uploads\/2023\/04\/sukosan2-1024x683.jpg","datePublished":"2023-05-29T08:33:39+00:00","dateModified":"2023-05-29T09:04:48+00:00","breadcrumb":{"@id":"https:\/\/www.lac.hr\/de\/sukosan\/#breadcrumb"},"inLanguage":"de","potentialAction":[{"@type":"ReadAction","target":["https:\/\/www.lac.hr\/de\/sukosan\/"]}]},{"@type":"ImageObject","inLanguage":"de","@id":"https:\/\/www.lac.hr\/de\/sukosan\/#primaryimage","url":"https:\/\/www.lac.hr\/wp-content\/uploads\/2023\/04\/sukosan2-1024x683.jpg","contentUrl":"https:\/\/www.lac.hr\/wp-content\/uploads\/2023\/04\/sukosan2-1024x683.jpg"},{"@type":"BreadcrumbList","@id":"https:\/\/www.lac.hr\/de\/sukosan\/#breadcrumb","itemListElement":[{"@type":"ListItem","position":1,"name":"Po\u010detna stranica","item":"https:\/\/www.lac.hr\/"},{"@type":"ListItem","position":2,"name":"Suko\u0161an"}]},{"@type":"WebSite","@id":"https:\/\/www.lac.hr\/#website","url":"https:\/\/www.lac.hr\/","name":"Luxury Apartments Croatia","description":"","publisher":{"@id":"https:\/\/www.lac.hr\/#organization"},"potentialAction":[{"@type":"SearchAction","target":{"@type":"EntryPoint","urlTemplate":"https:\/\/www.lac.hr\/?s={search_term_string}"},"query-input":{"@type":"PropertyValueSpecification","valueRequired":true,"valueName":"search_term_string"}}],"inLanguage":"de"},{"@type":"Organization","@id":"https:\/\/www.lac.hr\/#organization","name":"Luxury Apartments Croatia","url":"https:\/\/www.lac.hr\/","logo":{"@type":"ImageObject","inLanguage":"de","@id":"https:\/\/www.lac.hr\/#\/schema\/logo\/image\/","url":"https:\/\/www.lac.hr\/wp-content\/uploads\/2023\/03\/logo-u-boji.png","contentUrl":"https:\/\/www.lac.hr\/wp-content\/uploads\/2023\/03\/logo-u-boji.png","width":974,"height":295,"caption":"Luxury Apartments Croatia"},"image":{"@id":"https:\/\/www.lac.hr\/#\/schema\/logo\/image\/"}}]}},"jetpack_sharing_enabled":true,"_links":{"self":[{"href":"https:\/\/www.lac.hr\/de\/wp-json\/wp\/v2\/pages\/3052","targetHints":{"allow":["GET"]}}],"collection":[{"href":"https:\/\/www.lac.hr\/de\/wp-json\/wp\/v2\/pages"}],"about":[{"href":"https:\/\/www.lac.hr\/de\/wp-json\/wp\/v2\/types\/page"}],"author":[{"embeddable":true,"href":"https:\/\/www.lac.hr\/de\/wp-json\/wp\/v2\/users\/1"}],"replies":[{"embeddable":true,"href":"https:\/\/www.lac.hr\/de\/wp-json\/wp\/v2\/comments?post=3052"}],"version-history":[{"count":7,"href":"https:\/\/www.lac.hr\/de\/wp-json\/wp\/v2\/pages\/3052\/revisions"}],"predecessor-version":[{"id":3107,"href":"https:\/\/www.lac.hr\/de\/wp-json\/wp\/v2\/pages\/3052\/revisions\/3107"}],"wp:attachment":[{"href":"https:\/\/www.lac.hr\/de\/wp-json\/wp\/v2\/media?parent=3052"}],"curies":[{"name":"wp","href":"https:\/\/api.w.org\/{rel}","templated":true}]}}