{"id":3000,"date":"2023-05-28T14:46:05","date_gmt":"2023-05-28T12:46:05","guid":{"rendered":"https:\/\/www.lac.hr\/?page_id=3000"},"modified":"2023-05-28T14:46:07","modified_gmt":"2023-05-28T12:46:07","slug":"datenschutzerklaerung","status":"publish","type":"page","link":"https:\/\/www.lac.hr\/de\/datenschutzerklaerung\/","title":{"rendered":"Datenschutzerkl\u00e4rung"},"content":{"rendered":"\t\t<div data-elementor-type=\"wp-page\" data-elementor-id=\"3000\" class=\"elementor elementor-3000 elementor-3\" data-elementor-post-type=\"page\">\n\t\t\t\t\t\t<section class=\"elementor-section elementor-top-section elementor-element elementor-element-21f90a96 elementor-section-height-min-height animated-slow elementor-section-full_width elementor-section-height-default elementor-section-items-middle elementor-invisible\" data-id=\"21f90a96\" data-element_type=\"section\" data-settings=\"{&quot;background_background&quot;:&quot;classic&quot;,&quot;animation&quot;:&quot;fadeIn&quot;}\">\n\t\t\t\t\t\t\t<div class=\"elementor-background-overlay\"><\/div>\n\t\t\t\t\t\t\t<div class=\"elementor-container elementor-column-gap-default\">\n\t\t\t\t\t<div class=\"elementor-column elementor-col-100 elementor-top-column elementor-element elementor-element-66e7575\" data-id=\"66e7575\" data-element_type=\"column\">\n\t\t\t<div class=\"elementor-widget-wrap elementor-element-populated\">\n\t\t\t\t\t\t<div class=\"elementor-element elementor-element-486f296 elementor-widget elementor-widget-heading\" data-id=\"486f296\" data-element_type=\"widget\" data-widget_type=\"heading.default\">\n\t\t\t\t<div class=\"elementor-widget-container\">\n\t\t\t\t\t<h1 class=\"elementor-heading-title elementor-size-default\">Pravila privatnosti<\/h1>\t\t\t\t<\/div>\n\t\t\t\t<\/div>\n\t\t\t\t\t<\/div>\n\t\t<\/div>\n\t\t\t\t\t<\/div>\n\t\t<\/section>\n\t\t\t\t<section class=\"elementor-section elementor-top-section elementor-element elementor-element-11059580 elementor-section-boxed elementor-section-height-default elementor-section-height-default\" data-id=\"11059580\" data-element_type=\"section\">\n\t\t\t\t\t\t<div class=\"elementor-container elementor-column-gap-default\">\n\t\t\t\t\t<div class=\"elementor-column elementor-col-100 elementor-top-column elementor-element elementor-element-59b95d9\" data-id=\"59b95d9\" data-element_type=\"column\">\n\t\t\t<div class=\"elementor-widget-wrap elementor-element-populated\">\n\t\t\t\t\t\t<div class=\"elementor-element elementor-element-549c737e elementor-widget elementor-widget-text-editor\" data-id=\"549c737e\" data-element_type=\"widget\" data-widget_type=\"text-editor.default\">\n\t\t\t\t<div class=\"elementor-widget-container\">\n\t\t\t\t\t\t\t\t\t<p><strong>PODACI KOJE PRIKUPLJAMO<\/strong><br \/>Pristup web stranici lac.hr je slobodan i ne tra\u017ei se registracija. Kontaktiranjem putem kontakt-obrazaca ili elektroni\u010dkom po\u0161tom ispunjavate svoje podatke. Ti su podaci dostupni isklju\u010divo stranici lac.hr kojima su upu\u0107eni u svrhu rje\u0161avanja va\u0161eg upita. Davanje va\u0161ih osobnih podataka je dobrovoljno. Ne obra\u0111ujemo vi\u0161e osobnih podataka no \u0161to je doista potrebno za odgovaranje na va\u0161 upit.<\/p><p><strong>ZA\u0160TITA VA\u0160IH OSOBNIH PODATAKA<\/strong><br \/>Stranica lac.hr po\u0161tuje va\u0161u privatnost te obra\u0111uje va\u0161e osobne podatke po\u0161teno i zakonito. Va\u0161e osobne podatke spremamo u elektroni\u010dkom obliku te u svrhu za\u0161tite primjenjujemo odgovaraju\u0107e tehni\u010dke i organizacijske mjere za\u0161tite osobnih podataka i procedure kako bismo sprije\u010dili da se osobnim podacima ne bi neovla\u0161teno pristupalo.<\/p><p><strong>KOLA\u010cI\u0106I<\/strong><br \/>Web stranice www.lac.hr koriste tzv. kola\u010di\u0107e (eng. \u2018cookies\u2019) kako bi se korisniku mogla pru\u017eiti usluga s potpunim funkcionalnostima i \u0161to kvalitetnijim sadr\u017eajem. Kola\u010di\u0107i predstavljaju skup podataka koje generira poslu\u017eitelj web stranica i koje web preglednik sprema na disk korisnika u obliku male tekstualne datoteke. Na\u0161im korisnicima stalno nastojimo pru\u017eiti najbolje mogu\u0107e korisni\u010dko iskustvo pa je potrebno napomenuti da na\u0161e Internet stranice rade optimalno samo ako su kola\u010di\u0107i omogu\u0107eni. Da bi \u201ekola\u010di\u0107e\u201c mogli koristiti sukladno Zakonu o elektroni\u010dkim komunikacijama, Zakonu o za\u0161titi osobnih podataka i Direktivama EU treba nam va\u0161a privola. Kori\u0161tenjem ove Internet stranice dajete privolu i pristajete na uporabu kola\u010di\u0107a. Blokiranjem kola\u010di\u0107a i dalje mo\u017eete pregledavati stranicu, no neke njezine mogu\u0107nosti Vam ne\u0107e biti dostupne.<\/p><p><strong>UGRA\u0110ENI SADR\u017dAJ S DRUGIH WEB-STRANICA<\/strong><br \/>\u010clanci na ovoj web-stranici mogu sadr\u017eavati ugra\u0111eni sadr\u017eaj (npr. video, slike, \u010dlanke, itd.). Ugra\u0111eni sadr\u017eaj sa drugih web-stranica pona\u0161a se istovjetno kao da je posjetitelj posjetio tu drugu web-stranicu.<\/p><p><strong>ZA\u0160TITNE MJERE<\/strong><br \/>Stranica lac.hr koristi tehnolo\u0161ke i sigurnosne mjere, pravila i ostale postupke radi za\u0161tite osobnih podataka korisnika ove Stranice od neovla\u0161tenog pristupa, zlouporabe, otkrivanja, gubitka ili uni\u0161tenja. Radi osiguranja za\u0161tite tajnosti podataka o korisnicima stranice, koristimo industrijske standardne za\u0161titne mjere, primjerice firewall i za\u0161tita lozinkom. Ipak, korisnik se du\u017ean pobrinuti da je i ra\u010dunalo koje koristi sigurno i za\u0161ti\u0107eno od zlonamjernog software-a kao \u0161to su trojanci, ra\u010dunalni virusi i crvi. Korisnik Stranice je svjestan da bez adekvatnih mjera sigurnosti (primjerice, sigurna konfiguracija Internet preglednika, a\u017eurirani antivirusni programi, osobni firewall programi, nekori\u0161tenje programa iz sumnjivih izvora) postoji rizik da podaci i lozinke koje koristi radi spre\u010davanja pristupa osobnim podacima, mogu biti otkriveni neovla\u0161tenim tre\u0107im osobama.<\/p><p><strong>STATISTIKA POSLU\u017dITELJA<\/strong><br \/>Ova web stranica koristi Jetpack plugin za mjerenje statistike posje\u0107enosti.<\/p><p><strong>OGRANI\u010cENJE ODGOVORNOSTI<\/strong><br \/>Iako poduzimamo dostupne tehni\u010dke i organizacijske mjere u cilju spre\u010davanja neovla\u0161tenog otkrivanja va\u0161ih osobnih podataka, ne mo\u017eemo jam\u010diti da neki od osobnih podataka koje prikupljamo ne\u0107e nikada biti slu\u010dajno otkriveni, suprotno odredbama ovih Pravila za\u0161tite privatnosti. Do najve\u0107e mjere dopu\u0161tene zakonom isklju\u010dujemo odgovornost za \u0161tetu nanesenu korisnicima ili tre\u0107im osobama slu\u010dajnim otkrivanjem osobnih podataka.<\/p>\t\t\t\t\t\t\t\t<\/div>\n\t\t\t\t<\/div>\n\t\t\t\t\t<\/div>\n\t\t<\/div>\n\t\t\t\t\t<\/div>\n\t\t<\/section>\n\t\t\t\t<\/div>\n\t\t","protected":false},"excerpt":{"rendered":"<p>Pravila privatnosti PODACI KOJE PRIKUPLJAMO Pristup web stranici lac.hr je slobodan i ne tra\u017ei se registracija. Kontaktiranjem putem kontakt-obrazaca ili elektroni\u010dkom po\u0161tom ispunjavate svoje podatke. Ti su podaci dostupni isklju\u010divo stranici lac.hr kojima su upu\u0107eni u svrhu rje\u0161avanja va\u0161eg upita. Davanje va\u0161ih osobnih podataka je dobrovoljno. Ne obra\u0111ujemo vi\u0161e osobnih podataka no \u0161to je doista [&hellip;]<\/p>\n","protected":false},"author":1,"featured_media":0,"parent":0,"menu_order":0,"comment_status":"closed","ping_status":"closed","template":"elementor_header_footer","meta":{"footnotes":""},"class_list":["post-3000","page","type-page","status-publish","hentry"],"yoast_head":"<!-- This site is optimized with the Yoast SEO Premium plugin v20.5 (Yoast SEO v27.3) - https:\/\/yoast.com\/product\/yoast-seo-premium-wordpress\/ -->\n<title>Luxury Apartments Croatia<\/title>\n<meta name=\"robots\" content=\"index, follow, max-snippet:-1, max-image-preview:large, max-video-preview:-1\" \/>\n<link rel=\"canonical\" href=\"https:\/\/www.lac.hr\/de\/datenschutzerklaerung\/\" \/>\n<meta property=\"og:locale\" content=\"de_DE\" \/>\n<meta property=\"og:type\" content=\"article\" \/>\n<meta property=\"og:title\" content=\"Datenschutzerkl\u00e4rung\" \/>\n<meta property=\"og:description\" content=\"Pravila privatnosti PODACI KOJE PRIKUPLJAMO Pristup web stranici lac.hr je slobodan i ne tra\u017ei se registracija. Kontaktiranjem putem kontakt-obrazaca ili elektroni\u010dkom po\u0161tom ispunjavate svoje podatke. Ti su podaci dostupni isklju\u010divo stranici lac.hr kojima su upu\u0107eni u svrhu rje\u0161avanja va\u0161eg upita. Davanje va\u0161ih osobnih podataka je dobrovoljno. Ne obra\u0111ujemo vi\u0161e osobnih podataka no \u0161to je doista [&hellip;]\" \/>\n<meta property=\"og:url\" content=\"https:\/\/www.lac.hr\/de\/datenschutzerklaerung\/\" \/>\n<meta property=\"og:site_name\" content=\"Luxury Apartments Croatia\" \/>\n<meta property=\"article:modified_time\" content=\"2023-05-28T12:46:07+00:00\" \/>\n<meta name=\"twitter:card\" content=\"summary_large_image\" \/>\n<meta name=\"twitter:label1\" content=\"Gesch\u00e4tzte Lesezeit\" \/>\n\t<meta name=\"twitter:data1\" content=\"3\u00a0Minuten\" \/>\n<script type=\"application\/ld+json\" class=\"yoast-schema-graph\">{\"@context\":\"https:\\\/\\\/schema.org\",\"@graph\":[{\"@type\":\"WebPage\",\"@id\":\"https:\\\/\\\/www.lac.hr\\\/de\\\/datenschutzerklaerung\\\/\",\"url\":\"https:\\\/\\\/www.lac.hr\\\/de\\\/datenschutzerklaerung\\\/\",\"name\":\"Luxury Apartments Croatia\",\"isPartOf\":{\"@id\":\"https:\\\/\\\/www.lac.hr\\\/#website\"},\"datePublished\":\"2023-05-28T12:46:05+00:00\",\"dateModified\":\"2023-05-28T12:46:07+00:00\",\"breadcrumb\":{\"@id\":\"https:\\\/\\\/www.lac.hr\\\/de\\\/datenschutzerklaerung\\\/#breadcrumb\"},\"inLanguage\":\"de\",\"potentialAction\":[{\"@type\":\"ReadAction\",\"target\":[\"https:\\\/\\\/www.lac.hr\\\/de\\\/datenschutzerklaerung\\\/\"]}]},{\"@type\":\"BreadcrumbList\",\"@id\":\"https:\\\/\\\/www.lac.hr\\\/de\\\/datenschutzerklaerung\\\/#breadcrumb\",\"itemListElement\":[{\"@type\":\"ListItem\",\"position\":1,\"name\":\"Po\u010detna stranica\",\"item\":\"https:\\\/\\\/www.lac.hr\\\/\"},{\"@type\":\"ListItem\",\"position\":2,\"name\":\"Datenschutzerkl\u00e4rung\"}]},{\"@type\":\"WebSite\",\"@id\":\"https:\\\/\\\/www.lac.hr\\\/#website\",\"url\":\"https:\\\/\\\/www.lac.hr\\\/\",\"name\":\"Luxury Apartments Croatia\",\"description\":\"\",\"publisher\":{\"@id\":\"https:\\\/\\\/www.lac.hr\\\/#organization\"},\"potentialAction\":[{\"@type\":\"SearchAction\",\"target\":{\"@type\":\"EntryPoint\",\"urlTemplate\":\"https:\\\/\\\/www.lac.hr\\\/?s={search_term_string}\"},\"query-input\":{\"@type\":\"PropertyValueSpecification\",\"valueRequired\":true,\"valueName\":\"search_term_string\"}}],\"inLanguage\":\"de\"},{\"@type\":\"Organization\",\"@id\":\"https:\\\/\\\/www.lac.hr\\\/#organization\",\"name\":\"Luxury Apartments Croatia\",\"url\":\"https:\\\/\\\/www.lac.hr\\\/\",\"logo\":{\"@type\":\"ImageObject\",\"inLanguage\":\"de\",\"@id\":\"https:\\\/\\\/www.lac.hr\\\/#\\\/schema\\\/logo\\\/image\\\/\",\"url\":\"https:\\\/\\\/www.lac.hr\\\/wp-content\\\/uploads\\\/2023\\\/03\\\/logo-u-boji.png\",\"contentUrl\":\"https:\\\/\\\/www.lac.hr\\\/wp-content\\\/uploads\\\/2023\\\/03\\\/logo-u-boji.png\",\"width\":974,\"height\":295,\"caption\":\"Luxury Apartments Croatia\"},\"image\":{\"@id\":\"https:\\\/\\\/www.lac.hr\\\/#\\\/schema\\\/logo\\\/image\\\/\"}}]}<\/script>\n<!-- \/ Yoast SEO Premium plugin. -->","yoast_head_json":{"title":"Luxury Apartments Croatia","robots":{"index":"index","follow":"follow","max-snippet":"max-snippet:-1","max-image-preview":"max-image-preview:large","max-video-preview":"max-video-preview:-1"},"canonical":"https:\/\/www.lac.hr\/de\/datenschutzerklaerung\/","og_locale":"de_DE","og_type":"article","og_title":"Datenschutzerkl\u00e4rung","og_description":"Pravila privatnosti PODACI KOJE PRIKUPLJAMO Pristup web stranici lac.hr je slobodan i ne tra\u017ei se registracija. Kontaktiranjem putem kontakt-obrazaca ili elektroni\u010dkom po\u0161tom ispunjavate svoje podatke. Ti su podaci dostupni isklju\u010divo stranici lac.hr kojima su upu\u0107eni u svrhu rje\u0161avanja va\u0161eg upita. Davanje va\u0161ih osobnih podataka je dobrovoljno. Ne obra\u0111ujemo vi\u0161e osobnih podataka no \u0161to je doista [&hellip;]","og_url":"https:\/\/www.lac.hr\/de\/datenschutzerklaerung\/","og_site_name":"Luxury Apartments Croatia","article_modified_time":"2023-05-28T12:46:07+00:00","twitter_card":"summary_large_image","twitter_misc":{"Gesch\u00e4tzte Lesezeit":"3\u00a0Minuten"},"schema":{"@context":"https:\/\/schema.org","@graph":[{"@type":"WebPage","@id":"https:\/\/www.lac.hr\/de\/datenschutzerklaerung\/","url":"https:\/\/www.lac.hr\/de\/datenschutzerklaerung\/","name":"Luxury Apartments Croatia","isPartOf":{"@id":"https:\/\/www.lac.hr\/#website"},"datePublished":"2023-05-28T12:46:05+00:00","dateModified":"2023-05-28T12:46:07+00:00","breadcrumb":{"@id":"https:\/\/www.lac.hr\/de\/datenschutzerklaerung\/#breadcrumb"},"inLanguage":"de","potentialAction":[{"@type":"ReadAction","target":["https:\/\/www.lac.hr\/de\/datenschutzerklaerung\/"]}]},{"@type":"BreadcrumbList","@id":"https:\/\/www.lac.hr\/de\/datenschutzerklaerung\/#breadcrumb","itemListElement":[{"@type":"ListItem","position":1,"name":"Po\u010detna stranica","item":"https:\/\/www.lac.hr\/"},{"@type":"ListItem","position":2,"name":"Datenschutzerkl\u00e4rung"}]},{"@type":"WebSite","@id":"https:\/\/www.lac.hr\/#website","url":"https:\/\/www.lac.hr\/","name":"Luxury Apartments Croatia","description":"","publisher":{"@id":"https:\/\/www.lac.hr\/#organization"},"potentialAction":[{"@type":"SearchAction","target":{"@type":"EntryPoint","urlTemplate":"https:\/\/www.lac.hr\/?s={search_term_string}"},"query-input":{"@type":"PropertyValueSpecification","valueRequired":true,"valueName":"search_term_string"}}],"inLanguage":"de"},{"@type":"Organization","@id":"https:\/\/www.lac.hr\/#organization","name":"Luxury Apartments Croatia","url":"https:\/\/www.lac.hr\/","logo":{"@type":"ImageObject","inLanguage":"de","@id":"https:\/\/www.lac.hr\/#\/schema\/logo\/image\/","url":"https:\/\/www.lac.hr\/wp-content\/uploads\/2023\/03\/logo-u-boji.png","contentUrl":"https:\/\/www.lac.hr\/wp-content\/uploads\/2023\/03\/logo-u-boji.png","width":974,"height":295,"caption":"Luxury Apartments Croatia"},"image":{"@id":"https:\/\/www.lac.hr\/#\/schema\/logo\/image\/"}}]}},"jetpack_sharing_enabled":true,"_links":{"self":[{"href":"https:\/\/www.lac.hr\/de\/wp-json\/wp\/v2\/pages\/3000","targetHints":{"allow":["GET"]}}],"collection":[{"href":"https:\/\/www.lac.hr\/de\/wp-json\/wp\/v2\/pages"}],"about":[{"href":"https:\/\/www.lac.hr\/de\/wp-json\/wp\/v2\/types\/page"}],"author":[{"embeddable":true,"href":"https:\/\/www.lac.hr\/de\/wp-json\/wp\/v2\/users\/1"}],"replies":[{"embeddable":true,"href":"https:\/\/www.lac.hr\/de\/wp-json\/wp\/v2\/comments?post=3000"}],"version-history":[{"count":1,"href":"https:\/\/www.lac.hr\/de\/wp-json\/wp\/v2\/pages\/3000\/revisions"}],"predecessor-version":[{"id":3001,"href":"https:\/\/www.lac.hr\/de\/wp-json\/wp\/v2\/pages\/3000\/revisions\/3001"}],"wp:attachment":[{"href":"https:\/\/www.lac.hr\/de\/wp-json\/wp\/v2\/media?parent=3000"}],"curies":[{"name":"wp","href":"https:\/\/api.w.org\/{rel}","templated":true}]}}